{"id":5224,"date":"2026-01-11T10:57:44","date_gmt":"2026-01-11T09:57:44","guid":{"rendered":"https:\/\/media-market.es\/?post_type=product&#038;p=5224"},"modified":"2026-01-11T10:57:44","modified_gmt":"2026-01-11T09:57:44","slug":"qled-samsung-tq55q8faauxxc-55-4k-smart-tv","status":"publish","type":"product","link":"https:\/\/media-market.es\/?product=qled-samsung-tq55q8faauxxc-55-4k-smart-tv","title":{"rendered":"QLED Samsung TQ55Q8FAAUXXC 55&#8243; 4K Smart TV"},"content":{"rendered":"<p><a id=\"accordion-DESCRIPCI-N\" class=\"accordion active\" name=\"DESCRIPCI-N\"><\/a>DESCRIPCI\u00f3N<\/p>\n<div class=\"product-in-detail panel\">\n<div class=\"std\">\n<h2>QLED Samsung TQ55Q8FAAUXXC 55&#8243; 4K Smart TV<\/h2>\n<p><b>Tipo de producto<\/b><br \/>\nQLED<\/p>\n<p><b>Pantalla<\/b><br \/>\nPulgadas: 55&#8243;<br \/>\nRatio de refresco: 50Hz<br \/>\nResoluci\u00f3n: 4K (3.840 x 2.160)<\/p>\n<p><b>V\u00eddeo<\/b><br \/>\nProcesador: Q4 AI Processor<br \/>\nHDR (High Dynamic Range): Quantum HDR+<br \/>\nHDR 10+: S\u00ed (Adaptive)<br \/>\nEscalado de imagen: 4K Upscaling<br \/>\nContraste: Dual LED<br \/>\nMicro Dimming: Supreme UHD Dimming<br \/>\nContrast Enhancer: S\u00ed<br \/>\nTecnolog\u00eda de movimiento: Motion Xcelerator<br \/>\nCalibraci\u00f3n inteligente: Basic<br \/>\nFilmmaker Mode: S\u00ed<br \/>\nHDR Brightness Optimizer: S\u00ed<br \/>\nColor Booster: Color Booster Pro<br \/>\nModo confort ocular: EyeComfort Mode<\/p>\n<p><b>Audio<\/b><br \/>\nObject Tracking Sound: OTS Lite<br \/>\nQ-Symphony: S\u00ed<br \/>\nAudio Pre-selection Descriptor: S\u00ed<br \/>\nPotencia de sonido (RMS): 20W<br \/>\nTipo de altavoz: 2CH<br \/>\nActive Voice Amplifier: S\u00ed<br \/>\nAdaptive Sound: S\u00ed (Adaptive Sound+)<\/p>\n<p><b>Servicios Smart TV<\/b><br \/>\nSistema operativo: Tizen\u2122 Smart TV<br \/>\nBixby: S\u00ed<br \/>\nInteracci\u00f3n por voz a larga distancia: S\u00ed<br \/>\nAsistente de voz compatible: Alexa<br \/>\nSamsung TV Plus: S\u00ed<br \/>\nNavegador web: S\u00ed<br \/>\nCompatibilidad con altavoces IA: Alexa y Google Assistant<br \/>\nSmartThings Hub \/ Matter Hub \/ Funcionalidad IoT \/ Quick Remote: S\u00ed<br \/>\nSamsung Health: No disponible<br \/>\nUniversal Guide: S\u00ed<\/p>\n<p><b>Caracter\u00edsticas Smart TV<\/b><br \/>\nExperiencia multidispositivo: Mobile to TV, TV initiate mirroring, Sound Mirroring, Wireless TV On, Tap View<br \/>\nMulti-View: Hasta 2 v\u00eddeos<br \/>\nApple AirPlay: No disponible<br \/>\nDaily+: S\u00ed<br \/>\nStorage Share: S\u00ed<br \/>\nClick to Search: S\u00ed<br \/>\nGenerative Wallpaper: S\u00ed<br \/>\nKaraoke Mic: S\u00ed<\/p>\n<p><b>Gaming<\/b><br \/>\nAuto Game Mode (ALLM): S\u00ed<br \/>\nGame Motion Plus: S\u00ed<br \/>\nSuper Ultra Wide Game View: S\u00ed<br \/>\nMini Map Zoom: S\u00ed<br \/>\nHue Sync: S\u00ed<br \/>\nHGiG: S\u00ed<br \/>\nGaming Hub: S\u00ed<br \/>\nAI Auto Game Mode: S\u00ed<\/p>\n<p><b>Sintonizador \/ Transmisi\u00f3n<\/b><br \/>\nTransmisi\u00f3n digital: DVB-T2CS2<br \/>\nSintonizador anal\u00f3gico: S\u00ed<br \/>\nInterfaz Com\u00fan: CI+(1.4)<br \/>\nTransmisi\u00f3n de datos: HbbTV 2.0.4<br \/>\nTV Key: S\u00ed<\/p>\n<p><b>Conectividad<\/b><br \/>\nHDMI: 3<br \/>\nUSB: 2 x USB-A<br \/>\nTasa m\u00e1xima de entrada HDMI: 4K 60Hz (HDMI 1\/2\/3)<br \/>\nEthernet (LAN): 1<br \/>\nSalida de audio digital (\u00f3ptica): 1<br \/>\nEntrada RF: 1\/1 (uso com\u00fan para terrestre) \/ 1<br \/>\nClavija CI: 1<br \/>\nWi-Fi: S\u00ed (Wi-Fi 5)<br \/>\nBluetooth: S\u00ed (BT5.3)<br \/>\nAnynet+ (HDMI-CEC): S\u00ed<br \/>\nHDMI ARC\/eARC: eARC\/ARC<\/p>\n<p><b>Dise\u00f1o<\/b><br \/>\nDise\u00f1o: AirSlim<br \/>\nTipo de marco: 3 Bezel-less<br \/>\nColor frontal: Gris titanio<br \/>\nTipo de peana: AERO LINEAR<br \/>\nColor de peana: Negro<\/p>\n<p><b>Caracter\u00edsticas adicionales<\/b><br \/>\nArt Store: S\u00ed<br \/>\nEmbeded POP: S\u00ed<br \/>\nEPG: S\u00ed<br \/>\nExtended PVR: S\u00ed<br \/>\nIP Control: S\u00ed<br \/>\nIdioma OSD: 27 idiomas europeos + ruso<\/p>\n<p><b>Accesibilidad<\/b><br \/>\nGu\u00eda de voz: Disponible en varios idiomas europeos<br \/>\nSoporte visi\u00f3n reducida: Subt\u00edtulos de audio, Relumino, Ampliaci\u00f3n, Descripci\u00f3n de audio, Men\u00fa y texto con zoom, Alto contraste, SeeColors, Inversi\u00f3n de color, Escala de grises, Apagado autom\u00e1tico de imagen<br \/>\nSoporte discapacidad auditiva: Subt\u00edtulos, audio multisalida, lenguaje de signos, zoom<br \/>\nSoporte problemas motores: Repetici\u00f3n de bot\u00f3n lento, aplicaci\u00f3n de control remoto universal<\/p>\n<p><b>Consumo y potencia<\/b><br \/>\nSensor Eco: S\u00ed<br \/>\nFuente de alimentaci\u00f3n: AC220-240V~ 50\/60Hz<br \/>\nConsumo m\u00e1ximo: 190 W<br \/>\nClase de eficiencia energ\u00e9tica: E<br \/>\nConsumo en espera: 0.50 W<br \/>\nConsumo est\u00e1ndar: 64.0 W<br \/>\nConsumo anual (est\u00e1ndar EU): 89 kWh<br \/>\nApagado autom\u00e1tico: S\u00ed<br \/>\nAhorro autom\u00e1tico de energ\u00eda: S\u00ed<\/p>\n<p><b>Medidas<\/b><br \/>\nDimensiones con caja (An x Al x Prof): 1369 x 819 x 142 mm<br \/>\nDimensiones con peana (An x Al x Prof): 1232.1 x 768.1 x 238.6 mm<br \/>\nDimensiones sin peana (An x Al x Prof): 1232.1 x 708.8 x 25.7 mm<br \/>\nPeana b\u00e1sica (An x Prof): 910 x 238.6 mm<br \/>\nPeana m\u00ednima (An x Prof): 258 x 238.6 mm<br \/>\nTama\u00f1o VESA: 200 x 200 mm<\/p>\n<p><b>Peso<\/b><br \/>\nPeso con caja: 19.1 kg<br \/>\nPeso con peana: 14.3 kg<br \/>\nPeso sin peana: 13.9 kg<\/p>\n<p><b>Accesorios<\/b><br \/>\nMando a distancia: TM2560E<br \/>\nCompatible con Soporte Slim Fit: S\u00ed<br \/>\nCompatible con Peana Studio: S\u00ed<br \/>\nSoporte Mini Wall Mount: S\u00ed<br \/>\nManual de usuario: S\u00ed<br \/>\nCompatible con soporte Full Motion Slim (Y22): S\u00ed<br \/>\nCompatible con c\u00e1mara SlimFit: S\u00ed<br \/>\nZigbee \/ Thread Module: Integrado<br \/>\nCable de corriente: S\u00ed<\/div>\n<\/div>\n","protected":false},"excerpt":{"rendered":"<p>DESCRIPCI\u00f3N QLED Samsung TQ55Q8FAAUXXC 55&#8243; 4K Smart TV Tipo de producto QLED Pantalla Pulgadas: 55&#8243; Ratio de refresco: 50Hz Resoluci\u00f3n: 4K (3.840 x 2.160) V\u00eddeo Procesador: Q4 AI Processor HDR (High Dynamic Range): Quantum HDR+ HDR 10+: S\u00ed (Adaptive) Escalado de imagen: 4K Upscaling Contraste: Dual LED Micro Dimming: Supreme UHD Dimming Contrast Enhancer: S\u00ed<\/p>\n<div class=\"klb-readmore button\"><a class=\"btn link\" href=\"https:\/\/media-market.es\/?product=qled-samsung-tq55q8faauxxc-55-4k-smart-tv\">Read More <i class=\"klbth-icon-right-arrow\"><\/i><\/a><\/div>\n","protected":false},"featured_media":5225,"template":"","meta":[],"product_brand":[],"product_cat":[227],"product_tag":[],"class_list":{"0":"post-5224","1":"product","2":"type-product","3":"status-publish","4":"has-post-thumbnail","6":"product_cat-venta-fash-televisiones-populares","8":"first","9":"instock","10":"sale","11":"shipping-taxable","12":"purchasable","13":"product-type-simple"},"_links":{"self":[{"href":"https:\/\/media-market.es\/index.php?rest_route=\/wp\/v2\/product\/5224","targetHints":{"allow":["GET"]}}],"collection":[{"href":"https:\/\/media-market.es\/index.php?rest_route=\/wp\/v2\/product"}],"about":[{"href":"https:\/\/media-market.es\/index.php?rest_route=\/wp\/v2\/types\/product"}],"wp:featuredmedia":[{"embeddable":true,"href":"https:\/\/media-market.es\/index.php?rest_route=\/wp\/v2\/media\/5225"}],"wp:attachment":[{"href":"https:\/\/media-market.es\/index.php?rest_route=%2Fwp%2Fv2%2Fmedia&parent=5224"}],"wp:term":[{"taxonomy":"product_brand","embeddable":true,"href":"https:\/\/media-market.es\/index.php?rest_route=%2Fwp%2Fv2%2Fproduct_brand&post=5224"},{"taxonomy":"product_cat","embeddable":true,"href":"https:\/\/media-market.es\/index.php?rest_route=%2Fwp%2Fv2%2Fproduct_cat&post=5224"},{"taxonomy":"product_tag","embeddable":true,"href":"https:\/\/media-market.es\/index.php?rest_route=%2Fwp%2Fv2%2Fproduct_tag&post=5224"}],"curies":[{"name":"wp","href":"https:\/\/api.w.org\/{rel}","templated":true}]}}