{"id":5218,"date":"2026-01-11T10:55:19","date_gmt":"2026-01-11T09:55:19","guid":{"rendered":"https:\/\/media-market.es\/?post_type=product&#038;p=5218"},"modified":"2026-01-11T10:55:19","modified_gmt":"2026-01-11T09:55:19","slug":"led-samsung-ue85u8092fuxxh-85-4k-smart-tv","status":"publish","type":"product","link":"https:\/\/media-market.es\/?product=led-samsung-ue85u8092fuxxh-85-4k-smart-tv","title":{"rendered":"LED Samsung UE85U8092FUXXH 85&#8243; 4K Smart TV"},"content":{"rendered":"<p><a id=\"accordion-DESCRIPCI-N\" class=\"accordion active\" name=\"DESCRIPCI-N\"><\/a>DESCRIPCI\u00f3N<\/p>\n<div class=\"product-in-detail panel\">\n<div class=\"std\">\n<h2>LED Samsung UE85U8092FUXXH 85&#8243; 4K Smart TV<\/h2>\n<p><b>Descripci\u00f3n General<\/b><br \/>\nResoluci\u00f3n: 4K (3840 x 2160)<br \/>\nHDMI: 3<br \/>\nUSB: 1 x USB-A<br \/>\nTipo de producto: LED<\/p>\n<p><b>Pantalla<\/b><br \/>\nDiagonal de pantalla: 85&#8243;<br \/>\nFrecuencia de actualizaci\u00f3n: 50 Hz<br \/>\nResoluci\u00f3n: 4K (3840 x 2160)<\/p>\n<p><b>Motor de Procesamiento de Im\u00e1genes<\/b><br \/>\nMotor de im\u00e1genes: Procesador Crystal 4K<br \/>\nHDR: HDR, HDR10+<br \/>\nContraste: Mega Contraste<br \/>\nMicroatenuaci\u00f3n: Atenuaci\u00f3n UHD<br \/>\nPotenciador de contraste: S\u00ed<br \/>\nTecnolog\u00eda de movimiento: Acelerador de movimiento<br \/>\nMejora de escala mediante IA: Resoluci\u00f3n a 4K<br \/>\nPotenciador de color: S\u00ed<br \/>\nModo Cineasta (FMM): S\u00ed<\/p>\n<p><b>Sonido<\/b><br \/>\nSonido de seguimiento de objetos: OTS Lite<br \/>\nSinfon\u00eda Q: S\u00ed<br \/>\nDescriptor de preselecci\u00f3n de audio: S\u00ed<br \/>\nSalida de audio (RMS): 20 W<br \/>\nTipo de altavoz: 2 canales<br \/>\nSonido adaptativo: S\u00ed<\/p>\n<p><b>Servicio Inteligente<\/b><br \/>\nSistema operativo: Tizen\u2122<br \/>\nBixby: S\u00ed (voz lista)<br \/>\nCompatible con altavoces IA: Alexa, Google Assistant (varios pa\u00edses)<br \/>\nSamsung TV Plus: S\u00ed<br \/>\nNavegador de Internet: S\u00ed<br \/>\nSmartThings Hub \/ Matter \/ Sensores IoT \/ Control remoto r\u00e1pido: S\u00ed<br \/>\nSamsung Health: S\u00ed<br \/>\nGu\u00eda Universal: S\u00ed<\/p>\n<p><b>Funciones Inteligentes<\/b><br \/>\nExperiencia multidispositivo: De m\u00f3vil a TV, duplicaci\u00f3n de sonido, TV inal\u00e1mbrica<br \/>\nApple AirPlay: S\u00ed<br \/>\nDiario+: S\u00ed<br \/>\nCompartir almacenamiento: S\u00ed<br \/>\nB\u00fasqueda con clic: S\u00ed<\/p>\n<p><b>Funciones de Juego<\/b><br \/>\nModo de juego autom\u00e1tico (ALLM): S\u00ed<br \/>\nVRR: S\u00ed<br \/>\nCentro de juegos: S\u00ed<\/p>\n<p><b>Receptor \/ Emisora<\/b><br \/>\nRadiodifusi\u00f3n digital: DVB-T2CS2<br \/>\nReceptor anal\u00f3gico: S\u00ed<br \/>\nCI: CI+(1.4)<br \/>\nTransmisi\u00f3n de datos: HbbTV 2.0.4<br \/>\nClave de TV: S\u00ed<\/p>\n<p><b>Conectividad<\/b><br \/>\nWi-Fi: Wi-Fi 5<br \/>\nBluetooth: 5.3<br \/>\nHDMI: 3<br \/>\nHDMI HFR: 4K 60Hz<br \/>\nCanal de retorno de audio HDMI: eARC\/ARC<br \/>\nAnynet+ (HDMI-CEC): S\u00ed<br \/>\nUSB: 1 x USB-A<br \/>\nEthernet: 1<br \/>\nEntrada RF: 1<br \/>\nRanura CI: 1<\/p>\n<p><b>Dise\u00f1o<\/b><br \/>\nDise\u00f1o: Corriente de metal<br \/>\nTipo de borde: 3 lados sin bisel<br \/>\nColor frontal: Negro<br \/>\nTipo de soporte: Pies b\u00e1sicos<br \/>\nColor del soporte: Negro<\/p>\n<p><b>Caracter\u00edsticas Adicionales<\/b><br \/>\nImagen emergente: S\u00ed<br \/>\nGu\u00eda electr\u00f3nica de programas (EPG): S\u00ed<br \/>\nControl IP: S\u00ed<br \/>\nIdioma OSD: 27 idiomas europeos + ruso<\/p>\n<p><b>Accesibilidad<\/b><br \/>\nGu\u00eda de voz: Disponible en m\u00faltiples idiomas<br \/>\nAccesibilidad visual: Audiodescripci\u00f3n, zoom, alto contraste, inversi\u00f3n de color, escala de grises, SeeColors<br \/>\nAccesibilidad auditiva: Subt\u00edtulos, audio multicanal, zoom de lengua de signos<br \/>\nAccesibilidad motriz: Repetici\u00f3n lenta, app de control remoto<\/p>\n<p><b>Soluci\u00f3n Energ\u00e9tica y Ecolog\u00eda<\/b><br \/>\nFuente de alimentaci\u00f3n: 220-240 V ~ 50\/60 Hz<br \/>\nConsumo m\u00e1ximo: 270 W<br \/>\nConsumo en espera: 0,50 W<br \/>\nSensor ecol\u00f3gico: S\u00ed<br \/>\nClase de eficiencia energ\u00e9tica: G<br \/>\nConsumo t\u00edpico: 165 W<br \/>\nConsumo anual: 229 kWh<br \/>\nApagado autom\u00e1tico: S\u00ed<br \/>\nAhorro de energ\u00eda autom\u00e1tico: S\u00ed<\/p>\n<p><b>Dimensiones<\/b><br \/>\nDimensiones paquete: 2075 x 1200 x 171 mm<br \/>\nTV con soporte: 1889,9 x 1132,8 x 326 mm<br \/>\nTV sin soporte: 1889,9 x 1083,5 x 77 mm<br \/>\nSoporte b\u00e1sico (An x Pr): 1411 x 326 mm<br \/>\nSoporte m\u00ednimo (An x Pr): 954 x 326 mm<br \/>\nCompatibilidad VESA: 400 x 300 mm<\/p>\n<p><b>Peso<\/b><br \/>\nPeso del paquete: 40,2 kg<br \/>\nPeso con soporte: 29,2 kg<br \/>\nPeso sin soporte: 28,7 kg<\/p>\n<p><b>Accesorios<\/b><br \/>\nModelo mando a distancia: TM2240A<br \/>\nSoporte de ajuste delgado: S\u00ed<br \/>\nCompatibilidad con c\u00e1maras web: S\u00ed<br \/>\nCompatibilidad con m\u00f3dulo Zigbee\/Thread: S\u00ed<br \/>\nInstrucciones de uso: S\u00ed<br \/>\nCable de alimentaci\u00f3n: S\u00ed<\/div>\n<\/div>\n","protected":false},"excerpt":{"rendered":"<p>DESCRIPCI\u00f3N LED Samsung UE85U8092FUXXH 85&#8243; 4K Smart TV Descripci\u00f3n General Resoluci\u00f3n: 4K (3840 x 2160) HDMI: 3 USB: 1 x USB-A Tipo de producto: LED Pantalla Diagonal de pantalla: 85&#8243; Frecuencia de actualizaci\u00f3n: 50 Hz Resoluci\u00f3n: 4K (3840 x 2160) Motor de Procesamiento de Im\u00e1genes Motor de im\u00e1genes: Procesador Crystal 4K HDR: HDR, HDR10+ Contraste:<\/p>\n<div class=\"klb-readmore button\"><a class=\"btn link\" href=\"https:\/\/media-market.es\/?product=led-samsung-ue85u8092fuxxh-85-4k-smart-tv\">Read More <i class=\"klbth-icon-right-arrow\"><\/i><\/a><\/div>\n","protected":false},"featured_media":5222,"template":"","meta":[],"product_brand":[],"product_cat":[227],"product_tag":[],"class_list":{"0":"post-5218","1":"product","2":"type-product","3":"status-publish","4":"has-post-thumbnail","6":"product_cat-venta-fash-televisiones-populares","8":"first","9":"instock","10":"sale","11":"shipping-taxable","12":"purchasable","13":"product-type-simple"},"_links":{"self":[{"href":"https:\/\/media-market.es\/index.php?rest_route=\/wp\/v2\/product\/5218","targetHints":{"allow":["GET"]}}],"collection":[{"href":"https:\/\/media-market.es\/index.php?rest_route=\/wp\/v2\/product"}],"about":[{"href":"https:\/\/media-market.es\/index.php?rest_route=\/wp\/v2\/types\/product"}],"wp:featuredmedia":[{"embeddable":true,"href":"https:\/\/media-market.es\/index.php?rest_route=\/wp\/v2\/media\/5222"}],"wp:attachment":[{"href":"https:\/\/media-market.es\/index.php?rest_route=%2Fwp%2Fv2%2Fmedia&parent=5218"}],"wp:term":[{"taxonomy":"product_brand","embeddable":true,"href":"https:\/\/media-market.es\/index.php?rest_route=%2Fwp%2Fv2%2Fproduct_brand&post=5218"},{"taxonomy":"product_cat","embeddable":true,"href":"https:\/\/media-market.es\/index.php?rest_route=%2Fwp%2Fv2%2Fproduct_cat&post=5218"},{"taxonomy":"product_tag","embeddable":true,"href":"https:\/\/media-market.es\/index.php?rest_route=%2Fwp%2Fv2%2Fproduct_tag&post=5218"}],"curies":[{"name":"wp","href":"https:\/\/api.w.org\/{rel}","templated":true}]}}