{"id":5204,"date":"2026-01-11T10:43:48","date_gmt":"2026-01-11T09:43:48","guid":{"rendered":"https:\/\/media-market.es\/?post_type=product&#038;p=5204"},"modified":"2026-01-11T10:43:48","modified_gmt":"2026-01-11T09:43:48","slug":"led-samsung-tu43u8005fuxxc-43-4k-smart-tv","status":"publish","type":"product","link":"https:\/\/media-market.es\/?product=led-samsung-tu43u8005fuxxc-43-4k-smart-tv","title":{"rendered":"LED Samsung TU43U8005FUXXC 43&#8243; 4K Smart TV"},"content":{"rendered":"<p><a id=\"accordion-DESCRIPCI-N\" class=\"accordion active\" name=\"DESCRIPCI-N\"><\/a>DESCRIPCI\u00f3N<\/p>\n<div class=\"product-in-detail panel\">\n<div class=\"std\">\n<h2>LED Samsung TU43U8005FUXXC 43&#8243; 4K Smart TV<\/h2>\n<p><b>Caracter\u00edsticas generales<\/b><br \/>\nTipo de producto LED<br \/>\nTama\u00f1o 43&#8243;<br \/>\nRatio de refresco 50Hz<br \/>\nResoluci\u00f3n 4K (3.840 x 2.160)<\/p>\n<p><b>V\u00eddeo<\/b><br \/>\nProcesador Crystal Processor 4K<br \/>\nHDR HDR<br \/>\nHDR 10+ Compatible<br \/>\nContraste Mega Contrast<br \/>\nMicro Dimming UHD Dimming<br \/>\nContrast Enhancer S\u00ed<br \/>\nMotion Technology Motion Xcelerator<br \/>\nPicture Upscale 4K Upscaling<br \/>\nColor Booster S\u00ed<br \/>\nFilmmaker Mode S\u00ed<\/p>\n<p><b>Audio<\/b><br \/>\nObject Tracking Sound OTS Lite<br \/>\nQ-Symphony S\u00ed<br \/>\nAudio Pre-selection Descriptor S\u00ed<br \/>\nPotencia de sonido (RMS) 20W<br \/>\nTipo de altavoz 2CH<br \/>\nAdaptive Sound S\u00ed<\/p>\n<p><b>Smart TV<\/b><br \/>\nSistema operativo Tizen Smart TV<br \/>\nBixby S\u00ed (Voice Ready)<br \/>\nCompatible con asistentes de voz Alexa y Google Assistant<br \/>\nSamsung TV Plus S\u00ed<br \/>\nNavegador web S\u00ed<br \/>\nSmartThings Hub \/ Matter Hub \/ IoT-Sensor \/ Quick Remote S\u00ed<br \/>\nSamsung Health No disponible<br \/>\nUniversal Guide S\u00ed<\/p>\n<p><b>Funciones Smart TV<\/b><br \/>\nMulti Device Experience Mobile to TV, Sound Mirroring, Wireless TV On<br \/>\nApple AirPlay No disponible<br \/>\nDaily+ S\u00ed<br \/>\nStorage Share S\u00ed<br \/>\nClick to Search S\u00ed<\/p>\n<p><b>Gaming<\/b><br \/>\nAuto Game Mode (ALLM) S\u00ed<br \/>\nVRR S\u00ed<br \/>\nHGiG S\u00ed<br \/>\nGaming Hub S\u00ed<\/p>\n<p><b>Sintonizaci\u00f3n y emisi\u00f3n<\/b><br \/>\nTransmisi\u00f3n digital DVB-T2CS2<br \/>\nSintonizador anal\u00f3gico S\u00ed<br \/>\nInterfaz Com\u00fan CI+ (1.4)<br \/>\nTransmisi\u00f3n de datos HbbTV 2.0.4<br \/>\nTV Key S\u00ed<\/p>\n<p><b>Conectividad<\/b><br \/>\nWi-Fi S\u00ed (Wi-Fi 5)<br \/>\nBluetooth S\u00ed (BT 5.3)<br \/>\nHDMI 3<br \/>\nHDMI Tasa m\u00e1xima de entrada 4K 60Hz (HDMI 1\/2\/3)<br \/>\nHDMI ARC\/eARC S\u00ed<br \/>\nAnynet+ (HDMI-CEC) S\u00ed<br \/>\nUSB 1 x USB-A<br \/>\nEthernet (LAN) 1<br \/>\nEntrada RF 1\/1 (uso com\u00fan terrestre)\/1<br \/>\nClavija CI 1<\/p>\n<p><b>Dise\u00f1o<\/b><br \/>\nDise\u00f1o Metal Stream<br \/>\nTipo de marco 3 Bezel-less<br \/>\nColor frontal Negro<br \/>\nTipo de peana BASIC FEET<br \/>\nColor de peana Negro<\/p>\n<p><b>Caracter\u00edsticas adicionales<\/b><br \/>\nPOP integrado S\u00ed<br \/>\nEPG S\u00ed<br \/>\nControl IP S\u00ed<br \/>\nIdioma OSD 27 idiomas europeos + ruso<\/p>\n<p><b>Accesibilidad<\/b><br \/>\nGu\u00eda de voz Disponible en varios idiomas europeos<br \/>\nSoporte para visi\u00f3n reducida Subt\u00edtulos de audio, Relumino, Ampliaci\u00f3n, Descripci\u00f3n de audio, Men\u00fa y texto con zoom, Alto contraste, SeeColors, Inversi\u00f3n de color, Escala de grises, Apagado autom\u00e1tico de imagen<br \/>\nSoporte para discapacidad auditiva Subt\u00edtulos, audio multisalida, lenguaje de signos, zoom<br \/>\nSoporte para problemas motores Repetici\u00f3n de bot\u00f3n lento, app de control remoto universal<\/p>\n<p><b>Consumo y potencia<\/b><br \/>\nFuente de alimentaci\u00f3n AC220-240V~ 50\/60Hz<br \/>\nConsumo m\u00e1ximo 110 W<br \/>\nConsumo en espera 0,50 W<br \/>\nSensor Eco S\u00ed<br \/>\nClase de eficiencia energ\u00e9tica G<br \/>\nConsumo est\u00e1ndar 52,0 W<br \/>\nConsumo anual 72 kWh<br \/>\nApagado autom\u00e1tico S\u00ed<br \/>\nAhorro autom\u00e1tico de energ\u00eda S\u00ed<\/p>\n<p><b>Dimensiones<\/b><br \/>\nDimensiones con caja 1065 x 635 x 118 mm<br \/>\nDimensiones con peana 957,8 x 609 x 157 mm<br \/>\nDimensiones sin peana 957,8 x 558,8 x 76,3 mm<br \/>\nPeana (ancho x fondo) 613 x 157 mm<br \/>\nTama\u00f1o VESA 200 x 200 mm<\/p>\n<p><b>Peso<\/b><br \/>\nPeso con caja 9,0 kg<br \/>\nPeso con peana 6,6 kg<br \/>\nPeso sin peana 6,4 kg<\/p>\n<p><b>Accesorios<\/b><br \/>\nModelo de mando a distancia TM2240A<br \/>\nCompatible con soporte Full Motion Slim (Y22) S\u00ed<br \/>\nCompatible con c\u00e1mara SlimFit S\u00ed<br \/>\nM\u00f3dulo Zigbee \/ Thread Soporte v\u00eda dongle<br \/>\nManual de usuario S\u00ed<br \/>\nCable de corriente S\u00ed<\/div>\n<\/div>\n","protected":false},"excerpt":{"rendered":"<p>DESCRIPCI\u00f3N LED Samsung TU43U8005FUXXC 43&#8243; 4K Smart TV Caracter\u00edsticas generales Tipo de producto LED Tama\u00f1o 43&#8243; Ratio de refresco 50Hz Resoluci\u00f3n 4K (3.840 x 2.160) V\u00eddeo Procesador Crystal Processor 4K HDR HDR HDR 10+ Compatible Contraste Mega Contrast Micro Dimming UHD Dimming Contrast Enhancer S\u00ed Motion Technology Motion Xcelerator Picture Upscale 4K Upscaling Color Booster<\/p>\n<div class=\"klb-readmore button\"><a class=\"btn link\" href=\"https:\/\/media-market.es\/?product=led-samsung-tu43u8005fuxxc-43-4k-smart-tv\">Read More <i class=\"klbth-icon-right-arrow\"><\/i><\/a><\/div>\n","protected":false},"featured_media":5205,"template":"","meta":[],"product_brand":[],"product_cat":[227],"product_tag":[],"class_list":{"0":"post-5204","1":"product","2":"type-product","3":"status-publish","4":"has-post-thumbnail","6":"product_cat-venta-fash-televisiones-populares","8":"first","9":"instock","10":"sale","11":"shipping-taxable","12":"purchasable","13":"product-type-simple"},"_links":{"self":[{"href":"https:\/\/media-market.es\/index.php?rest_route=\/wp\/v2\/product\/5204","targetHints":{"allow":["GET"]}}],"collection":[{"href":"https:\/\/media-market.es\/index.php?rest_route=\/wp\/v2\/product"}],"about":[{"href":"https:\/\/media-market.es\/index.php?rest_route=\/wp\/v2\/types\/product"}],"wp:featuredmedia":[{"embeddable":true,"href":"https:\/\/media-market.es\/index.php?rest_route=\/wp\/v2\/media\/5205"}],"wp:attachment":[{"href":"https:\/\/media-market.es\/index.php?rest_route=%2Fwp%2Fv2%2Fmedia&parent=5204"}],"wp:term":[{"taxonomy":"product_brand","embeddable":true,"href":"https:\/\/media-market.es\/index.php?rest_route=%2Fwp%2Fv2%2Fproduct_brand&post=5204"},{"taxonomy":"product_cat","embeddable":true,"href":"https:\/\/media-market.es\/index.php?rest_route=%2Fwp%2Fv2%2Fproduct_cat&post=5204"},{"taxonomy":"product_tag","embeddable":true,"href":"https:\/\/media-market.es\/index.php?rest_route=%2Fwp%2Fv2%2Fproduct_tag&post=5204"}],"curies":[{"name":"wp","href":"https:\/\/api.w.org\/{rel}","templated":true}]}}