{"id":5202,"date":"2026-01-11T10:40:46","date_gmt":"2026-01-11T09:40:46","guid":{"rendered":"https:\/\/media-market.es\/?post_type=product&#038;p=5202"},"modified":"2026-01-11T10:40:46","modified_gmt":"2026-01-11T09:40:46","slug":"led-lg-65ua73006la-65-4k-smart-tv","status":"publish","type":"product","link":"https:\/\/media-market.es\/?product=led-lg-65ua73006la-65-4k-smart-tv","title":{"rendered":"LED LG 65UA73006LA 65&#8243; 4K Smart TV"},"content":{"rendered":"<p><a id=\"accordion-DESCRIPCI-N\" class=\"accordion active\" name=\"DESCRIPCI-N\"><\/a>DESCRIPCI\u00f3N<\/p>\n<div class=\"product-in-detail panel\">\n<div class=\"std\">\n<h2>LED LG 65UA73006LA 65&#8243; 4K Smart TV<\/h2>\n<p><b>PICTURE (DISPLAY)<\/b><br \/>\nTipo de pantalla: 4K UHD<br \/>\nResoluci\u00f3n: 4K Ultra HD (3.840 x 2.160)<br \/>\nTipo de retroiluminaci\u00f3n: Directa<br \/>\nTasa de refresco: 60Hz nativo<\/p>\n<p><b>PROCESADO DE IMAGEN<\/b><br \/>\nProcesador de imagen: Procesador 4K IA \u03b17 Gen8<br \/>\nEscalado por IA: Super Escalado 4K<br \/>\nDynamic Tone Mapping: S\u00ed<br \/>\nHDR: HDR10 \/ HLG<br \/>\nModo Cineasta (FILMMAKER MODE\u2122): S\u00ed<br \/>\nModos de imagen: 10<br \/>\nAuto calibrado: S\u00ed<\/p>\n<p><b>GAMING<\/b><br \/>\nHGIG Mode: S\u00ed<br \/>\nGame Optimizer: S\u00ed (Game Dashboard)<br \/>\nALLM (Modo autom\u00e1tico de baja latencia): S\u00ed<br \/>\nVRR (Frecuencia de actualizaci\u00f3n variable): S\u00ed (hasta 60Hz)<\/p>\n<p><b>ACCESIBILIDAD<\/b><br \/>\nAlto contraste: S\u00ed<br \/>\nEscala de grises: S\u00ed<br \/>\nInvertir colores: S\u00ed<\/p>\n<p><b>DIMENSIONES Y PESOS<\/b><br \/>\nDimensiones sin peana (mm): 1446 x 831 x 59,8<br \/>\nDimensiones con peana (mm): 1446 x 902 x 347<br \/>\nTama\u00f1o del embalaje (mm): 1600 x 960 x 144<br \/>\nPeana (mm): 1441 x 347<br \/>\nPeso sin peana: 15,6 kg<br \/>\nPeso con peana: 15,8 kg<br \/>\nPeso con embalaje: 22,5 kg<br \/>\nMontura VESA (mm): 400 x 400<\/p>\n<p><b>C\u00d3DIGO DE BARRAS<\/b><br \/>\n8806096340394<\/p>\n<p><b>AUDIO<\/b><br \/>\nSonido IA: \u03b17 AI Sound Pro (9.1.2 Virtual Up-Mix)<br \/>\nDi\u00e1logos claros: S\u00ed (regulaci\u00f3n autom\u00e1tica de volumen)<br \/>\nLG Sound Sync: S\u00ed<br \/>\nSound Mode Share: S\u00ed<br \/>\nSalida simult\u00e1nea de audio: S\u00ed<br \/>\nBluetooth Surround Ready: S\u00ed (reproducci\u00f3n en 2 sentidos)<br \/>\nSalida de audio: 20W<br \/>\nC\u00f3decs de audio: AC4, AC3 (Dolby Digital), EAC3, HE-AAC, AAC, MP2, MP3, PCM, apt-X<br \/>\nDirecci\u00f3n de altavoces: Salida hacia abajo<br \/>\nSistema de altavoces: 2.0 canales<br \/>\nWOW Orchestra: S\u00ed<\/p>\n<p><b>CONECTIVIDAD<\/b><br \/>\nHDMI ARC \/ eARC: S\u00ed (eARC en HDMI 2)<br \/>\nBluetooth: S\u00ed (v5.1)<br \/>\nWi-Fi: S\u00ed (Wi-Fi 5)<br \/>\nEthernet: 1<br \/>\nSimplink (HDMI CEC): S\u00ed<br \/>\nSalida \u00f3ptica (SPDIF): 1<br \/>\nEntradas HDMI: 3 (soporta eARC, ALLM)<br \/>\nRanura CI: 1 (excepto UK, Irlanda)<br \/>\nEntradas RF: 2<br \/>\nPuertos USB: 2 (USB 2.0)<\/p>\n<p><b>SMART TV<\/b><br \/>\nSistema operativo: webOS 25<br \/>\nApple AirPlay2: S\u00ed<br \/>\nApple Home: S\u00ed<br \/>\nGoogle Cast: S\u00ed<br \/>\nGoogle Home \/ Hub: S\u00ed<br \/>\nHome Hub: S\u00ed<br \/>\nAI Chatbot: S\u00ed<br \/>\nReconocimiento de voz: Compatible (requiere Magic Remote opcional)<br \/>\nNavegador web: S\u00ed<br \/>\nLG Channels: S\u00ed<br \/>\nMultipantalla: S\u00ed<br \/>\nControl por smartphone: S\u00ed (LG ThinQ)<br \/>\nCompatible con c\u00e1mara USB: S\u00ed<\/p>\n<p><b>ALIMENTACI\u00d3N<\/b><br \/>\nVoltaje \/ Frecuencia: AC 100~240V, 50-60Hz<br \/>\nConsumo en standby: &lt; 0.5W<\/p>\n<p><b>ACCESORIOS INCLUIDOS<\/b><br \/>\nMando a distancia: Mando est\u00e1ndar<br \/>\nCable de alimentaci\u00f3n: S\u00ed (adjunto)<\/p>\n<p><b>RADIODIFUSI\u00d3N<\/b><br \/>\nRecepci\u00f3n anal\u00f3gica: S\u00ed<br \/>\nRecepci\u00f3n digital: DVB-T2\/T (terrestre), DVB-C (cable), DVB-S2\/S (sat\u00e9lite)<\/div>\n<\/div>\n","protected":false},"excerpt":{"rendered":"<p>DESCRIPCI\u00f3N LED LG 65UA73006LA 65&#8243; 4K Smart TV PICTURE (DISPLAY) Tipo de pantalla: 4K UHD Resoluci\u00f3n: 4K Ultra HD (3.840 x 2.160) Tipo de retroiluminaci\u00f3n: Directa Tasa de refresco: 60Hz nativo PROCESADO DE IMAGEN Procesador de imagen: Procesador 4K IA \u03b17 Gen8 Escalado por IA: Super Escalado 4K Dynamic Tone Mapping: S\u00ed HDR: HDR10 \/<\/p>\n<div class=\"klb-readmore button\"><a class=\"btn link\" href=\"https:\/\/media-market.es\/?product=led-lg-65ua73006la-65-4k-smart-tv\">Read More <i class=\"klbth-icon-right-arrow\"><\/i><\/a><\/div>\n","protected":false},"featured_media":5203,"template":"","meta":[],"product_brand":[],"product_cat":[227],"product_tag":[],"class_list":{"0":"post-5202","1":"product","2":"type-product","3":"status-publish","4":"has-post-thumbnail","6":"product_cat-venta-fash-televisiones-populares","8":"first","9":"instock","10":"sale","11":"shipping-taxable","12":"purchasable","13":"product-type-simple"},"_links":{"self":[{"href":"https:\/\/media-market.es\/index.php?rest_route=\/wp\/v2\/product\/5202","targetHints":{"allow":["GET"]}}],"collection":[{"href":"https:\/\/media-market.es\/index.php?rest_route=\/wp\/v2\/product"}],"about":[{"href":"https:\/\/media-market.es\/index.php?rest_route=\/wp\/v2\/types\/product"}],"wp:featuredmedia":[{"embeddable":true,"href":"https:\/\/media-market.es\/index.php?rest_route=\/wp\/v2\/media\/5203"}],"wp:attachment":[{"href":"https:\/\/media-market.es\/index.php?rest_route=%2Fwp%2Fv2%2Fmedia&parent=5202"}],"wp:term":[{"taxonomy":"product_brand","embeddable":true,"href":"https:\/\/media-market.es\/index.php?rest_route=%2Fwp%2Fv2%2Fproduct_brand&post=5202"},{"taxonomy":"product_cat","embeddable":true,"href":"https:\/\/media-market.es\/index.php?rest_route=%2Fwp%2Fv2%2Fproduct_cat&post=5202"},{"taxonomy":"product_tag","embeddable":true,"href":"https:\/\/media-market.es\/index.php?rest_route=%2Fwp%2Fv2%2Fproduct_tag&post=5202"}],"curies":[{"name":"wp","href":"https:\/\/api.w.org\/{rel}","templated":true}]}}