{"id":5200,"date":"2026-01-11T10:38:22","date_gmt":"2026-01-11T09:38:22","guid":{"rendered":"https:\/\/media-market.es\/?post_type=product&#038;p=5200"},"modified":"2026-01-11T10:38:23","modified_gmt":"2026-01-11T09:38:23","slug":"oled-lg-oled55c56lb-55-4k-smart-tv","status":"publish","type":"product","link":"https:\/\/media-market.es\/?product=oled-lg-oled55c56lb-55-4k-smart-tv","title":{"rendered":"OLED LG OLED55C56LB 55&#8243; 4K Smart TV"},"content":{"rendered":"<p><a id=\"accordion-DESCRIPCI-N\" class=\"accordion active\" name=\"DESCRIPCI-N\"><\/a>DESCRIPCI\u00f3N<\/p>\n<div class=\"product-in-detail panel\">\n<div class=\"std\">\n<h2>OLED LG OLED55C56LB 55&#8243; 4K Smart TV<\/h2>\n<p><b>PICTURE (DISPLAY)<\/b><br \/>\nTipo de Pantalla: 4K OLED<br \/>\nResoluci\u00f3n de Pantalla: 4K Ultra HD (3,840 x 2,160)<br \/>\nTasa de Refresco: 120Hz Nativos (VRR 144Hz)<br \/>\nWide Color Gamut: OLED Color<\/p>\n<p><b>PROCESADO DE IMAGEN<\/b><br \/>\nProcesador de Imagen: Procesador 4K IA \u03b19 Gen8<br \/>\nEscalado por IA: Super Escalado 4K con IA \u03b19<br \/>\nDynamic Tone Mapping: S\u00ed (OLED Dynamic Tone Mapping Pro)<br \/>\nSelecci\u00f3n de G\u00e9nero IA: S\u00ed (SDR\/HDR)<br \/>\nControl de Brillo IA: S\u00ed<br \/>\nHDR (High Dynamic Range): Dolby Vision \/ HDR10 \/ HLG<br \/>\nFILMMAKER MODE\u2122: S\u00ed<br \/>\nTecnolog\u00eda de Atenuaci\u00f3n: Pixel Dimming<br \/>\nMotion: OLED Motion<br \/>\nModos de Imagen: 10 modos<br \/>\nHFR (High Frame Rate): 4K 120 fps (HDMI, RF, USB)<br \/>\nAI Picture Pro: S\u00ed<br \/>\nAuto Calibrado: S\u00ed<br \/>\nQMS (Quick Media Switching): S\u00ed<\/p>\n<p><b>GAMING<\/b><br \/>\nG-Sync Compatible (Nvidia): S\u00ed<br \/>\nFreeSync Compatible (AMD): S\u00ed<br \/>\nHGIG Mode: S\u00ed<br \/>\nGame Optimizer: S\u00ed (Game Dashboard)<br \/>\nALLM (Modo Autom\u00e1tico de Baja Latencia): S\u00ed<br \/>\nVRR (Tasa de Refresco Variable): S\u00ed (Hasta 144Hz)<br \/>\nDolby Vision (4K 120Hz) para Gaming: S\u00ed<br \/>\nTiempo de Respuesta: Inferior a 0.1ms<\/p>\n<p><b>ACCESIBILIDAD<\/b><br \/>\nAlto Contraste: S\u00ed<br \/>\nEscala de Grises: S\u00ed<br \/>\nInvertir Colores: S\u00ed<\/p>\n<p><b>DIMENSIONES Y PESOS<\/b><br \/>\nDimensiones TV sin peana (AnxAlxPr mm): 1222 x 703 x 45,1<br \/>\nDimensiones TV con peana (AnxAlxPr mm): 1222 x 757 x 230<br \/>\nMedidas Embalaje (mm): 1360 x 810 x 187<br \/>\nPeana TV (AnxPr mm): 470 x 230<br \/>\nPeso del TV sin peana (kg): 14,1<br \/>\nPeso del TV con peana (kg): 16,0<br \/>\nPeso Embalaje (kg): 21,3<br \/>\nMontura VESA (AnxAl mm): 300 x 200<\/p>\n<p><b>C\u00d3DIGO DE BARRAS<\/b><br \/>\n8806096361924<\/p>\n<p><b>AUDIO<\/b><br \/>\nDolby Atmos: S\u00ed<br \/>\nSonido IA: \u03b19 AI Sound Pro (11.1.2 Virtual Up-Mix)<br \/>\nDi\u00e1logos Claros: S\u00ed (Remasterizado de Di\u00e1logos con IA)<br \/>\nLG Sound Sync: S\u00ed<br \/>\nSound Mode Share: S\u00ed<br \/>\nSalida Simult\u00e1nea de Audio: S\u00ed<br \/>\nBluetooth Surround Ready: S\u00ed (Reproducci\u00f3n en 2 sentidos)<br \/>\nSalida de Audio: 40W<br \/>\nCalibraci\u00f3n Ac\u00fastica IA: S\u00ed<br \/>\nCodecs de Audio: AC4, AC3 (Dolby Digital), EAC3, HE-AAC, AAC, MP2, MP3, PCM, WMA, apt-X (Ver manual)<br \/>\nDirecci\u00f3n de Altavoces: Salida hacia abajo<br \/>\nSistema de Altavoces: 2.2 Canales<br \/>\nWOW Orchestra: S\u00ed<\/p>\n<p><b>CONECTIVIDAD<\/b><br \/>\nHDMI Canal de Retorno de Audio: eARC (HDMI 2)<br \/>\nBluetooth: S\u00ed (v 5.3)<br \/>\nEntrada Ethernet: 1 ud<br \/>\nSimplink (HDMI CEC): S\u00ed<br \/>\nSPDIF (Salida Digital \u00d3ptica de Audio): 1 ud<br \/>\nRanura CI: 1x (excepto UK, Irlanda)<br \/>\nSalidas HDMI: 4 ud (soporta 4K 120Hz, eARC, VRR, ALLM, QMS &#8211; Puerto 4)<br \/>\nEntradas RF (Antena\/Cable): 2 ud<br \/>\nEntradas USB: 3 ud (v 2.0)<br \/>\nWi-Fi: S\u00ed (Wi-Fi 6)<\/p>\n<p><b>SMART TV<\/b><br \/>\nFunciona con Apple Airplay2: S\u00ed<br \/>\nSistema Operativo (OS): WebOS 25<br \/>\nCompatible con C\u00e1mara USB: S\u00ed<br \/>\nAI Chatbot: S\u00ed<br \/>\nSiempre Lista: S\u00ed<br \/>\nNavegador Web Libre: S\u00ed<br \/>\nGoogle Cast: S\u00ed<br \/>\nGoogle Home \/ Hub: S\u00ed<br \/>\nControl por Voz sin Mando: S\u00ed<br \/>\nHome Hub: S\u00ed<br \/>\nReconocimiento Inteligente de Voz: S\u00ed<br \/>\nLG Channels: S\u00ed<br \/>\nMagic Remote Control: Incluido<br \/>\nMultiPantalla: S\u00ed<br \/>\nSmartphone Remote App: S\u00ed (LG ThinQ)<br \/>\nID Voz: S\u00ed<br \/>\nFunciona con Apple Home: S\u00ed<\/p>\n<p><b>ALIMENTACI\u00d3N<\/b><br \/>\nAlimentaci\u00f3n (Voltaje, Hz): AC 100~240V 50-60Hz<br \/>\nConsumo en Standby: Menos de 0.5W<\/p>\n<p><b>ACCESORIOS INCLUIDOS<\/b><br \/>\nMando a Distancia: Magic Remote MR25GA \/ MR25GB (UK, Italia)<br \/>\nCable de Alimentaci\u00f3n: S\u00ed (adjunto)<\/p>\n<p><b>RADIODIFUSI\u00d3N<\/b><br \/>\nRecepci\u00f3n TV Anal\u00f3gica: S\u00ed<br \/>\nRecepci\u00f3n TV Digital: DVB-T2\/T (Terrestre), DVB-C (Cable), DVB-S2\/S (Sat\u00e9lite)<\/div>\n<\/div>\n","protected":false},"excerpt":{"rendered":"<p>DESCRIPCI\u00f3N OLED LG OLED55C56LB 55&#8243; 4K Smart TV PICTURE (DISPLAY) Tipo de Pantalla: 4K OLED Resoluci\u00f3n de Pantalla: 4K Ultra HD (3,840 x 2,160) Tasa de Refresco: 120Hz Nativos (VRR 144Hz) Wide Color Gamut: OLED Color PROCESADO DE IMAGEN Procesador de Imagen: Procesador 4K IA \u03b19 Gen8 Escalado por IA: Super Escalado 4K con IA<\/p>\n<div class=\"klb-readmore button\"><a class=\"btn link\" href=\"https:\/\/media-market.es\/?product=oled-lg-oled55c56lb-55-4k-smart-tv\">Read More <i class=\"klbth-icon-right-arrow\"><\/i><\/a><\/div>\n","protected":false},"featured_media":5201,"template":"","meta":[],"product_brand":[],"product_cat":[227],"product_tag":[],"class_list":{"0":"post-5200","1":"product","2":"type-product","3":"status-publish","4":"has-post-thumbnail","6":"product_cat-venta-fash-televisiones-populares","8":"first","9":"instock","10":"sale","11":"shipping-taxable","12":"purchasable","13":"product-type-simple"},"_links":{"self":[{"href":"https:\/\/media-market.es\/index.php?rest_route=\/wp\/v2\/product\/5200","targetHints":{"allow":["GET"]}}],"collection":[{"href":"https:\/\/media-market.es\/index.php?rest_route=\/wp\/v2\/product"}],"about":[{"href":"https:\/\/media-market.es\/index.php?rest_route=\/wp\/v2\/types\/product"}],"wp:featuredmedia":[{"embeddable":true,"href":"https:\/\/media-market.es\/index.php?rest_route=\/wp\/v2\/media\/5201"}],"wp:attachment":[{"href":"https:\/\/media-market.es\/index.php?rest_route=%2Fwp%2Fv2%2Fmedia&parent=5200"}],"wp:term":[{"taxonomy":"product_brand","embeddable":true,"href":"https:\/\/media-market.es\/index.php?rest_route=%2Fwp%2Fv2%2Fproduct_brand&post=5200"},{"taxonomy":"product_cat","embeddable":true,"href":"https:\/\/media-market.es\/index.php?rest_route=%2Fwp%2Fv2%2Fproduct_cat&post=5200"},{"taxonomy":"product_tag","embeddable":true,"href":"https:\/\/media-market.es\/index.php?rest_route=%2Fwp%2Fv2%2Fproduct_tag&post=5200"}],"curies":[{"name":"wp","href":"https:\/\/api.w.org\/{rel}","templated":true}]}}