{"id":5198,"date":"2026-01-11T10:35:50","date_gmt":"2026-01-11T09:35:50","guid":{"rendered":"https:\/\/media-market.es\/?post_type=product&#038;p=5198"},"modified":"2026-01-11T10:35:50","modified_gmt":"2026-01-11T09:35:50","slug":"led-lg-27tq615s-pz-27-full-hd-smart-tv","status":"publish","type":"product","link":"https:\/\/media-market.es\/?product=led-lg-27tq615s-pz-27-full-hd-smart-tv","title":{"rendered":"LED LG 27TQ615S-PZ 27&#8243; Full HD Smart TV"},"content":{"rendered":"<p><a id=\"accordion-DESCRIPCI-N\" class=\"accordion active\" name=\"DESCRIPCI-N\"><\/a>DESCRIPCI\u00f3N<\/p>\n<div class=\"product-in-detail panel\">\n<div class=\"std\">\n<h2>LED LG 27TQ615S-PZ 27&#8243; Full HD Smart TV<\/h2>\n<p><b>PANTALLA<\/b><br \/>\nPulgadas 27<br \/>\ncm 68.6<br \/>\nResoluci\u00f3n Full HD<br \/>\nResoluci\u00f3n P\u00edxeles 1920&#215;1080<br \/>\nPanel LED con Profundidad de Color: 16.7M Millones de Colores.<br \/>\nIPS IPS<br \/>\nRefresco de Pantalla Tiempo de Respuesta: 14ms<\/p>\n<p><b>SMARTTV<\/b><br \/>\nSmartTV SmartTV<br \/>\nSistema de AI SMART TV webOS22<br \/>\nContro por Voz Control por Voz (Requiere Magic Remote Opcional)<br \/>\nMagic Remote OPCIONAL<br \/>\nNavegador Web Navegador Web<br \/>\nMiracast Miracast<br \/>\nWiFi Wifi Integrado<br \/>\nBluetooth Bluetooth Wireless Headphone<\/p>\n<p><b>SONIDO<\/b><br \/>\nPotencia\/Woofer 5W X 2<br \/>\nCanales 2.0 ch<br \/>\nSonido Especial Dolby Audio<br \/>\nSonido IA AI SOUND \/ AVL (Auto Volume)<\/p>\n<p><b>CONECTIVIDAD<\/b><br \/>\nAntena Sintonizador: DVB-T2\/C\/S2<br \/>\nHDMI 2 X HDMI<br \/>\nUSB 1 X USB 2.0<br \/>\nSalida \u00d3ptica Salida \u00d3ptica<\/p>\n<p><b>DISE\u00d1O<\/b><br \/>\nColor Frontal Negro<br \/>\nColor Trasera Negro<br \/>\nMarco Negro<br \/>\nDimensiones Sin Peana \/ VESA Dimensiones sin Peana &amp; VESA: 612 x 368.5 x 73.9 mm. 3.5 Kg. VESA: 75 x 75<br \/>\nDimensiones con Peana Dimensiones con Peana: 612 x 423.1 x 152.5 mm. 3.75 Kg<\/div>\n<\/div>\n","protected":false},"excerpt":{"rendered":"<p>DESCRIPCI\u00f3N LED LG 27TQ615S-PZ 27&#8243; Full HD Smart TV PANTALLA Pulgadas 27 cm 68.6 Resoluci\u00f3n Full HD Resoluci\u00f3n P\u00edxeles 1920&#215;1080 Panel LED con Profundidad de Color: 16.7M Millones de Colores. IPS IPS Refresco de Pantalla Tiempo de Respuesta: 14ms SMARTTV SmartTV SmartTV Sistema de AI SMART TV webOS22 Contro por Voz Control por Voz (Requiere<\/p>\n<div class=\"klb-readmore button\"><a class=\"btn link\" href=\"https:\/\/media-market.es\/?product=led-lg-27tq615s-pz-27-full-hd-smart-tv\">Read More <i class=\"klbth-icon-right-arrow\"><\/i><\/a><\/div>\n","protected":false},"featured_media":5199,"template":"","meta":[],"product_brand":[],"product_cat":[227],"product_tag":[],"class_list":{"0":"post-5198","1":"product","2":"type-product","3":"status-publish","4":"has-post-thumbnail","6":"product_cat-venta-fash-televisiones-populares","8":"first","9":"instock","10":"sale","11":"shipping-taxable","12":"purchasable","13":"product-type-simple"},"_links":{"self":[{"href":"https:\/\/media-market.es\/index.php?rest_route=\/wp\/v2\/product\/5198","targetHints":{"allow":["GET"]}}],"collection":[{"href":"https:\/\/media-market.es\/index.php?rest_route=\/wp\/v2\/product"}],"about":[{"href":"https:\/\/media-market.es\/index.php?rest_route=\/wp\/v2\/types\/product"}],"wp:featuredmedia":[{"embeddable":true,"href":"https:\/\/media-market.es\/index.php?rest_route=\/wp\/v2\/media\/5199"}],"wp:attachment":[{"href":"https:\/\/media-market.es\/index.php?rest_route=%2Fwp%2Fv2%2Fmedia&parent=5198"}],"wp:term":[{"taxonomy":"product_brand","embeddable":true,"href":"https:\/\/media-market.es\/index.php?rest_route=%2Fwp%2Fv2%2Fproduct_brand&post=5198"},{"taxonomy":"product_cat","embeddable":true,"href":"https:\/\/media-market.es\/index.php?rest_route=%2Fwp%2Fv2%2Fproduct_cat&post=5198"},{"taxonomy":"product_tag","embeddable":true,"href":"https:\/\/media-market.es\/index.php?rest_route=%2Fwp%2Fv2%2Fproduct_tag&post=5198"}],"curies":[{"name":"wp","href":"https:\/\/api.w.org\/{rel}","templated":true}]}}