{"id":5190,"date":"2026-01-11T10:29:55","date_gmt":"2026-01-11T09:29:55","guid":{"rendered":"https:\/\/media-market.es\/?post_type=product&#038;p=5190"},"modified":"2026-01-11T10:29:55","modified_gmt":"2026-01-11T09:29:55","slug":"monitor-profesional-samsung-qm50b-50-4k","status":"publish","type":"product","link":"https:\/\/media-market.es\/?product=monitor-profesional-samsung-qm50b-50-4k","title":{"rendered":"Monitor Profesional Samsung QM50B 50&#8243; 4K"},"content":{"rendered":"<p><a id=\"accordion-DESCRIPCI-N\" class=\"accordion active\" name=\"DESCRIPCI-N\"><\/a>DESCRIPCI\u00f3N<\/p>\n<div class=\"product-in-detail panel\">\n<div class=\"std\">\n<h2>Monitor Profesional Samsung QM50B 50&#8243; 4K<\/h2>\n<p><b>Especificaciones t\u00e9cnicas<\/b><br \/>\n\u2013 N\u00famero de pantallas: 1<br \/>\n\u2013 \u00cdndice de niebla: 28%<br \/>\n\u2013 Saturaci\u00f3n del color: 92%<br \/>\n\u2013 RGB colour space: DCI-P3<br \/>\n\u2013 Tama\u00f1o de pantalla: 50\u2033<br \/>\n\u2013 Resoluci\u00f3n de la pantalla: 3840 x 2160 Pixeles<br \/>\n\u2013 Brillo de pantalla: 500 cd \/ m\u00b2<br \/>\n\u2013 Resoluci\u00f3n HD: 4K Ultra HD<br \/>\n\u2013 Pantalla t\u00e1ctil: No<br \/>\n\u2013 Tiempo de respuesta: 8 ms<br \/>\n\u2013 Raz\u00f3n de contraste (t\u00edpica): 4000:1<br \/>\n\u2013 \u00c1ngulo de visi\u00f3n, horizontal: 178\u00b0<br \/>\n\u2013 \u00c1ngulo de visi\u00f3n, vertical: 178\u00b0<br \/>\n\u2013 Colores de la pantalla: 1 billones de colores<br \/>\n\u2013 Intervalo de escaneado horizontal: 30 \u2013 81 kHz<br \/>\n\u2013 Intervalo de escaneado vertical: 48 \u2013 75 Hz<br \/>\n\u2013 Altavoces incorporados: No<br \/>\n\u2013 Cantidad de puertos de entrada HDMI: 3<br \/>\n\u2013 Puertos HDMI: 3<br \/>\n\u2013 Puerto DVI: No<br \/>\n\u2013 DisplayPort: 1<br \/>\n\u2013 Puerto USB: Si<br \/>\n\u2013 Ethernet: Si<br \/>\n\u2013 Wifi: Si<br \/>\n\u2013 Versi\u00f3n HDMI: 2.0<br \/>\n\u2013 Entrada HDMI: 3<br \/>\n\u2013 Pertos Ethernet LAN (RJ-45): 1<br \/>\n\u2013 Entrada de DisplayPorts: 1<br \/>\n\u2013 Cantidad de puertos USB: 1<br \/>\n\u2013 RS-232: Si<br \/>\n\u2013 Puerto de datos infrarrojo: Si<br \/>\n\u2013 Altura de pantalla: 643,9 mm<br \/>\n\u2013 Ancho de la pantalla: 1121,4 mm<br \/>\n\u2013 Peso de pantalla: 13,4 kg<br \/>\n\u2013 Ancho: 1121,4 mm<br \/>\n\u2013 Profundidad: 46,3 mm<br \/>\n\u2013 Altura: 643,9 mm<br \/>\n\u2013 Peso: 13,4 kg<br \/>\n\u2013 Consumo energ\u00e9tico: 171 W<br \/>\n\u2013 Voltaje de entrada AC: 100 \u2013 240 V<br \/>\n\u2013 Frecuencia de entrada AC: 50 \u2013 60 Hz<br \/>\n\u2013 Escala de eficiencia energ\u00e9tica: De la A a la G<br \/>\n\u2013 Consumo energ\u00e9tico (en suspensi\u00f3n): 0,5 W<br \/>\n\u2013 Intervalo de temperatura operativa: 0 \u2013 40 \u00b0C<br \/>\n\u2013 Humedad relativa de funcionamiento: 10 \u2013 80%<br \/>\n\u2013 Ancho del paquete: 1269 mm<br \/>\n\u2013 Profundidad del paquete: 152 mm<br \/>\n\u2013 Altura del paquete: 784 mm<br \/>\n\u2013 Peso del paquete: 17,6 kg<br \/>\n\u2013 Mando a distancia: Si<br \/>\n\u2013 Tipo de pantalla: VA<br \/>\n\u2013 Tecnolog\u00eda de visualizaci\u00f3n: VA<br \/>\n\u2013 Tipo de montaje: Pared<br \/>\n\u2013 Dise\u00f1o: Pantalla plana para se\u00f1alizaci\u00f3n digital<br \/>\n\u2013 Color del producto: Negro<br \/>\n\u2013 Colocaci\u00f3n soportada: Interior<br \/>\n\u2013 montaje VESA: Si<br \/>\n\u2013 Orientaci\u00f3n: Horizontal\/Vertical<br \/>\n\u2013 Interfaz de panel de montaje: 200 x 200 mm<br \/>\n\u2013 HDCP versi\u00f3n: 2.2<br \/>\n\u2013 Utilizar con: Universal<br \/>\n\u2013 Horas de funcionamiento (horas\/d\u00edas): 24\/7<br \/>\n\u2013 HDCP: Si<br \/>\n\u2013 Montaje de pared: Si<br \/>\n\u2013 Apto para uso en interior: Si<br \/>\n\u2013 Sistema inform\u00e1tico: Si<br \/>\n\u2013 Sistema operativo instalado: Tizen 6.5<br \/>\n\u2013 Memoria interna: 16 GB<br \/>\n\u2013 Sistema operativo Windows soportado: Si<br \/>\n\u2013 Tipo de sistema inform\u00e1tico: Sistema en chip (SoC)<\/div>\n<\/div>\n","protected":false},"excerpt":{"rendered":"<p>DESCRIPCI\u00f3N Monitor Profesional Samsung QM50B 50&#8243; 4K Especificaciones t\u00e9cnicas \u2013 N\u00famero de pantallas: 1 \u2013 \u00cdndice de niebla: 28% \u2013 Saturaci\u00f3n del color: 92% \u2013 RGB colour space: DCI-P3 \u2013 Tama\u00f1o de pantalla: 50\u2033 \u2013 Resoluci\u00f3n de la pantalla: 3840 x 2160 Pixeles \u2013 Brillo de pantalla: 500 cd \/ m\u00b2 \u2013 Resoluci\u00f3n HD: 4K<\/p>\n<div class=\"klb-readmore button\"><a class=\"btn link\" href=\"https:\/\/media-market.es\/?product=monitor-profesional-samsung-qm50b-50-4k\">Read More <i class=\"klbth-icon-right-arrow\"><\/i><\/a><\/div>\n","protected":false},"featured_media":5192,"template":"","meta":[],"product_brand":[],"product_cat":[227],"product_tag":[],"class_list":{"0":"post-5190","1":"product","2":"type-product","3":"status-publish","4":"has-post-thumbnail","6":"product_cat-venta-fash-televisiones-populares","8":"first","9":"instock","10":"sale","11":"shipping-taxable","12":"purchasable","13":"product-type-simple"},"_links":{"self":[{"href":"https:\/\/media-market.es\/index.php?rest_route=\/wp\/v2\/product\/5190","targetHints":{"allow":["GET"]}}],"collection":[{"href":"https:\/\/media-market.es\/index.php?rest_route=\/wp\/v2\/product"}],"about":[{"href":"https:\/\/media-market.es\/index.php?rest_route=\/wp\/v2\/types\/product"}],"wp:featuredmedia":[{"embeddable":true,"href":"https:\/\/media-market.es\/index.php?rest_route=\/wp\/v2\/media\/5192"}],"wp:attachment":[{"href":"https:\/\/media-market.es\/index.php?rest_route=%2Fwp%2Fv2%2Fmedia&parent=5190"}],"wp:term":[{"taxonomy":"product_brand","embeddable":true,"href":"https:\/\/media-market.es\/index.php?rest_route=%2Fwp%2Fv2%2Fproduct_brand&post=5190"},{"taxonomy":"product_cat","embeddable":true,"href":"https:\/\/media-market.es\/index.php?rest_route=%2Fwp%2Fv2%2Fproduct_cat&post=5190"},{"taxonomy":"product_tag","embeddable":true,"href":"https:\/\/media-market.es\/index.php?rest_route=%2Fwp%2Fv2%2Fproduct_tag&post=5190"}],"curies":[{"name":"wp","href":"https:\/\/api.w.org\/{rel}","templated":true}]}}