{"id":5183,"date":"2026-01-11T10:22:33","date_gmt":"2026-01-11T09:22:33","guid":{"rendered":"https:\/\/media-market.es\/?post_type=product&#038;p=5183"},"modified":"2026-01-11T10:22:33","modified_gmt":"2026-01-11T09:22:33","slug":"bicicleta-estatica-cecotec-drumfit-indoor-13000-race-sprint","status":"publish","type":"product","link":"https:\/\/media-market.es\/?product=bicicleta-estatica-cecotec-drumfit-indoor-13000-race-sprint","title":{"rendered":"Bicicleta est\u00e1tica Cecotec DrumFit Indoor 13000 Race Sprint"},"content":{"rendered":"<p><a id=\"accordion-DESCRIPCI-N\" class=\"accordion active\" name=\"DESCRIPCI-N\"><\/a>DESCRIPCI\u00f3N<\/p>\n<div class=\"product-in-detail panel\">\n<div class=\"std\">\n<h2>Bicicleta est\u00e1tica Cecotec DrumFit Indoor 13000 Race Sprint<\/h2>\n<p><b>Descripci\u00f3n<\/b><br \/>\nEntrenamiento fluido: su volante de inercia de 13 kg consigue un entrenamiento completo y perfectamente fluido.<br \/>\nMira su display: incluye pantalla LCD con soporte para dispositivos, que muestra calor\u00edas, distancia, tiempo y revoluciones por minuto.<br \/>\nDise\u00f1o elegante: estructura profesional y deportiva.<br \/>\nAdapta el sill\u00edn: si\u00e9ntete c\u00f3modo en todo momento con su sill\u00edn ajustable vertical y horizontalmente.<br \/>\nResistencia ajustable: adapta el entrenamiento a tus exigencias regulando su resistencia.<br \/>\nEquipada con todo: incluye ruedas de transporte, puls\u00f3metro y soporte para dispositivos.<br \/>\nDimensiones del producto: 135 x 55 x 115 cm.<br \/>\nEl peso m\u00e1ximo de usuario es 110 kg y la altura m\u00e1xima de usuario recomendada es 190 cm.<\/p>\n<p><b>Composici\u00f3n<\/b><br \/>\nBicicleta indoor<br \/>\n2 pilas AAA<br \/>\nKit de montaje<br \/>\nManual de instrucciones<\/div>\n<\/div>\n","protected":false},"excerpt":{"rendered":"<p>DESCRIPCI\u00f3N Bicicleta est\u00e1tica Cecotec DrumFit Indoor 13000 Race Sprint Descripci\u00f3n Entrenamiento fluido: su volante de inercia de 13 kg consigue un entrenamiento completo y perfectamente fluido. Mira su display: incluye pantalla LCD con soporte para dispositivos, que muestra calor\u00edas, distancia, tiempo y revoluciones por minuto. Dise\u00f1o elegante: estructura profesional y deportiva. Adapta el sill\u00edn: si\u00e9ntete<\/p>\n<div class=\"klb-readmore button\"><a class=\"btn link\" href=\"https:\/\/media-market.es\/?product=bicicleta-estatica-cecotec-drumfit-indoor-13000-race-sprint\">Read More <i class=\"klbth-icon-right-arrow\"><\/i><\/a><\/div>\n","protected":false},"featured_media":5187,"template":"","meta":[],"product_brand":[],"product_cat":[230],"product_tag":[],"class_list":{"0":"post-5183","1":"product","2":"type-product","3":"status-publish","4":"has-post-thumbnail","6":"product_cat-venta-flash-bicicletas","8":"first","9":"instock","10":"sale","11":"shipping-taxable","12":"purchasable","13":"product-type-simple"},"_links":{"self":[{"href":"https:\/\/media-market.es\/index.php?rest_route=\/wp\/v2\/product\/5183","targetHints":{"allow":["GET"]}}],"collection":[{"href":"https:\/\/media-market.es\/index.php?rest_route=\/wp\/v2\/product"}],"about":[{"href":"https:\/\/media-market.es\/index.php?rest_route=\/wp\/v2\/types\/product"}],"wp:featuredmedia":[{"embeddable":true,"href":"https:\/\/media-market.es\/index.php?rest_route=\/wp\/v2\/media\/5187"}],"wp:attachment":[{"href":"https:\/\/media-market.es\/index.php?rest_route=%2Fwp%2Fv2%2Fmedia&parent=5183"}],"wp:term":[{"taxonomy":"product_brand","embeddable":true,"href":"https:\/\/media-market.es\/index.php?rest_route=%2Fwp%2Fv2%2Fproduct_brand&post=5183"},{"taxonomy":"product_cat","embeddable":true,"href":"https:\/\/media-market.es\/index.php?rest_route=%2Fwp%2Fv2%2Fproduct_cat&post=5183"},{"taxonomy":"product_tag","embeddable":true,"href":"https:\/\/media-market.es\/index.php?rest_route=%2Fwp%2Fv2%2Fproduct_tag&post=5183"}],"curies":[{"name":"wp","href":"https:\/\/api.w.org\/{rel}","templated":true}]}}