{"id":5177,"date":"2026-01-11T10:17:18","date_gmt":"2026-01-11T09:17:18","guid":{"rendered":"https:\/\/media-market.es\/?post_type=product&#038;p=5177"},"modified":"2026-01-11T10:17:18","modified_gmt":"2026-01-11T09:17:18","slug":"bicicleta-estatica-plegable-cecotec-drumfit-x-bike-neo","status":"publish","type":"product","link":"https:\/\/media-market.es\/?product=bicicleta-estatica-plegable-cecotec-drumfit-x-bike-neo","title":{"rendered":"Bicicleta est\u00e1tica plegable Cecotec DrumFit X-Bike Neo"},"content":{"rendered":"<p><a id=\"accordion-DESCRIPCI-N\" class=\"accordion active\" name=\"DESCRIPCI-N\"><\/a>DESCRIPCI\u00f3N<\/p>\n<div class=\"product-in-detail panel\">\n<div class=\"std\">\n<h2>Bicicleta est\u00e1tica plegable Cecotec DrumFit X-Bike Neo<\/h2>\n<p><b>Descripci\u00f3n<\/b><br \/>\nXtreme Confort: sill\u00edn de m\u00e1ximo confort acolchado y manillar lateral de m\u00e1ximo agarre.<br \/>\nSistema Silence Fit: el pedaleo m\u00e1s \u00e1gil y silencioso.<br \/>\nEasyFold: sistema de plegado f\u00e1cil y compacto para guardar la bicicleta en el m\u00ednimo espacio.<br \/>\nF\u00e1cil desplazamiento gracias a sus ruedas de transporte.<br \/>\nSmart Training: incluye un soporte para dispositivos electr\u00f3nicos. Divi\u00e9rtete con tu serie, pel\u00edcula o juego favorito mientras realizas tu ejercicio diario.<br \/>\nPantalla LCD que muestra: el tiempo, la velocidad, las calor\u00edas consumidas, la distancia recorrida y las pulsaciones. Funci\u00f3n Scan integrada.<br \/>\n8 niveles de resistencia variable para simular llanos y monta\u00f1a.<br \/>\nVolante de inercia de 1,5 kg. La mejor transmisi\u00f3n fluida por correa.<br \/>\nPuls\u00f3metro que mide la frecuencia card\u00edaca durante el entrenamiento.<br \/>\nPeso m\u00e1ximo del usuario soportado de 100 Kg.<\/p>\n<p><b>Composici\u00f3n<\/b><br \/>\nBicicleta<br \/>\nMonitor LCD.<br \/>\nHerramientas.<br \/>\nManual de instrucciones.<br \/>\n2 pilas 3AAA<\/div>\n<\/div>\n","protected":false},"excerpt":{"rendered":"<p>DESCRIPCI\u00f3N Bicicleta est\u00e1tica plegable Cecotec DrumFit X-Bike Neo Descripci\u00f3n Xtreme Confort: sill\u00edn de m\u00e1ximo confort acolchado y manillar lateral de m\u00e1ximo agarre. Sistema Silence Fit: el pedaleo m\u00e1s \u00e1gil y silencioso. EasyFold: sistema de plegado f\u00e1cil y compacto para guardar la bicicleta en el m\u00ednimo espacio. F\u00e1cil desplazamiento gracias a sus ruedas de transporte. Smart<\/p>\n<div class=\"klb-readmore button\"><a class=\"btn link\" href=\"https:\/\/media-market.es\/?product=bicicleta-estatica-plegable-cecotec-drumfit-x-bike-neo\">Read More <i class=\"klbth-icon-right-arrow\"><\/i><\/a><\/div>\n","protected":false},"featured_media":5178,"template":"","meta":[],"product_brand":[],"product_cat":[230],"product_tag":[],"class_list":{"0":"post-5177","1":"product","2":"type-product","3":"status-publish","4":"has-post-thumbnail","6":"product_cat-venta-flash-bicicletas","8":"first","9":"instock","10":"sale","11":"shipping-taxable","12":"purchasable","13":"product-type-simple"},"_links":{"self":[{"href":"https:\/\/media-market.es\/index.php?rest_route=\/wp\/v2\/product\/5177","targetHints":{"allow":["GET"]}}],"collection":[{"href":"https:\/\/media-market.es\/index.php?rest_route=\/wp\/v2\/product"}],"about":[{"href":"https:\/\/media-market.es\/index.php?rest_route=\/wp\/v2\/types\/product"}],"wp:featuredmedia":[{"embeddable":true,"href":"https:\/\/media-market.es\/index.php?rest_route=\/wp\/v2\/media\/5178"}],"wp:attachment":[{"href":"https:\/\/media-market.es\/index.php?rest_route=%2Fwp%2Fv2%2Fmedia&parent=5177"}],"wp:term":[{"taxonomy":"product_brand","embeddable":true,"href":"https:\/\/media-market.es\/index.php?rest_route=%2Fwp%2Fv2%2Fproduct_brand&post=5177"},{"taxonomy":"product_cat","embeddable":true,"href":"https:\/\/media-market.es\/index.php?rest_route=%2Fwp%2Fv2%2Fproduct_cat&post=5177"},{"taxonomy":"product_tag","embeddable":true,"href":"https:\/\/media-market.es\/index.php?rest_route=%2Fwp%2Fv2%2Fproduct_tag&post=5177"}],"curies":[{"name":"wp","href":"https:\/\/api.w.org\/{rel}","templated":true}]}}