{"id":5175,"date":"2026-01-11T10:15:42","date_gmt":"2026-01-11T09:15:42","guid":{"rendered":"https:\/\/media-market.es\/?post_type=product&#038;p=5175"},"modified":"2026-01-11T10:15:55","modified_gmt":"2026-01-11T09:15:55","slug":"bicinete-cecotec-urban-bicinete","status":"publish","type":"product","link":"https:\/\/media-market.es\/?product=bicinete-cecotec-urban-bicinete","title":{"rendered":"Bicinete Cecotec Urban Bicinete"},"content":{"rendered":"<p><a id=\"accordion-DESCRIPCI-N\" class=\"accordion active\" name=\"DESCRIPCI-N\"><\/a>DESCRIPCI\u00f3N<\/p>\n<div class=\"product-in-detail panel\">\n<div class=\"std\">\n<h2>Bicinete Cecotec Urban Bicinete<\/h2>\n<p><b>Descripci\u00f3n<\/b><br \/>\nPotente motor: recorre la ciudad con los 1000 W (500 W nominal) y supera pendientes de hasta el 15 % sin ning\u00fan tipo de problema.<br \/>\nRuedas de gran agarre: rueda trasera de 20&#8243; y delantera de 26&#8243; con gran agarre para superar cualquier desaf\u00edo.<br \/>\nLa distancia no es un problema: con la bater\u00eda de 48 V y 12,5 Ah podr\u00e1s conducir sin preocuparte de las distancias recorridas.<br \/>\nCumple con la normativa: cumple con todos los requisitos de la nueva normativa espa\u00f1ola de circulaci\u00f3n.<br \/>\nBase XL: base de madera para moverte con total comodidad.<br \/>\nSi\u00e9ntete protegido: sistema de doble frenado mediante discos de freno de alta precisi\u00f3n.<br \/>\nGenerosa autonom\u00eda: gracias a su bater\u00eda de 12500 mAh, consigue una autonom\u00eda m\u00e1xima de hasta 50 km.<br \/>\nVelocidad m\u00e1xima de 25 km\/h.<\/p>\n<p><b>Composici\u00f3n<\/b><br \/>\nPatinete bicicleta el\u00e9ctrica<\/p>\n<\/div>\n<\/div>\n","protected":false},"excerpt":{"rendered":"<p>DESCRIPCI\u00f3N Bicinete Cecotec Urban Bicinete Descripci\u00f3n Potente motor: recorre la ciudad con los 1000 W (500 W nominal) y supera pendientes de hasta el 15 % sin ning\u00fan tipo de problema. Ruedas de gran agarre: rueda trasera de 20&#8243; y delantera de 26&#8243; con gran agarre para superar cualquier desaf\u00edo. La distancia no es un<\/p>\n<div class=\"klb-readmore button\"><a class=\"btn link\" href=\"https:\/\/media-market.es\/?product=bicinete-cecotec-urban-bicinete\">Read More <i class=\"klbth-icon-right-arrow\"><\/i><\/a><\/div>\n","protected":false},"featured_media":5176,"template":"","meta":[],"product_brand":[],"product_cat":[230],"product_tag":[],"class_list":{"0":"post-5175","1":"product","2":"type-product","3":"status-publish","4":"has-post-thumbnail","6":"product_cat-venta-flash-bicicletas","8":"first","9":"instock","10":"sale","11":"shipping-taxable","12":"purchasable","13":"product-type-simple"},"_links":{"self":[{"href":"https:\/\/media-market.es\/index.php?rest_route=\/wp\/v2\/product\/5175","targetHints":{"allow":["GET"]}}],"collection":[{"href":"https:\/\/media-market.es\/index.php?rest_route=\/wp\/v2\/product"}],"about":[{"href":"https:\/\/media-market.es\/index.php?rest_route=\/wp\/v2\/types\/product"}],"wp:featuredmedia":[{"embeddable":true,"href":"https:\/\/media-market.es\/index.php?rest_route=\/wp\/v2\/media\/5176"}],"wp:attachment":[{"href":"https:\/\/media-market.es\/index.php?rest_route=%2Fwp%2Fv2%2Fmedia&parent=5175"}],"wp:term":[{"taxonomy":"product_brand","embeddable":true,"href":"https:\/\/media-market.es\/index.php?rest_route=%2Fwp%2Fv2%2Fproduct_brand&post=5175"},{"taxonomy":"product_cat","embeddable":true,"href":"https:\/\/media-market.es\/index.php?rest_route=%2Fwp%2Fv2%2Fproduct_cat&post=5175"},{"taxonomy":"product_tag","embeddable":true,"href":"https:\/\/media-market.es\/index.php?rest_route=%2Fwp%2Fv2%2Fproduct_tag&post=5175"}],"curies":[{"name":"wp","href":"https:\/\/api.w.org\/{rel}","templated":true}]}}