{"id":5161,"date":"2026-01-11T10:06:45","date_gmt":"2026-01-11T09:06:45","guid":{"rendered":"https:\/\/media-market.es\/?post_type=product&#038;p=5161"},"modified":"2026-01-11T10:06:45","modified_gmt":"2026-01-11T09:06:45","slug":"bicicleta-indoor-cecotec-drumfit-indoor-10000-teseo","status":"publish","type":"product","link":"https:\/\/media-market.es\/?product=bicicleta-indoor-cecotec-drumfit-indoor-10000-teseo","title":{"rendered":"Bicicleta indoor Cecotec DrumFit Indoor 10000 Teseo"},"content":{"rendered":"<p><a id=\"accordion-DESCRIPCI-N\" class=\"accordion active\" name=\"DESCRIPCI-N\"><\/a>DESCRIPCI\u00f3N<\/p>\n<div class=\"product-in-detail panel\">\n<div class=\"std\">\n<h2>Bicicleta indoor Cecotec DrumFit Indoor 10000 Teseo<\/h2>\n<p><b>Caracter\u00edsticas<\/b><br \/>\nBeltRide: sistema de pedaleo fluido mediante transmisi\u00f3n por correa y el volante de inercia de 10 Kg.<br \/>\nComfortFit: sill\u00edn ergon\u00f3mico con acolchado y manillar ajustables para tus entrenamientos de largo recorrido.<br \/>\nCustom resistance: resistencia variable para simular un entrenamiento en diferentes entornos.<br \/>\nHands Free: incluye soporte para dispositivos, smartphone, tablet, libro, etc.<br \/>\nPantalla LCD con panel de control: muestra velocidad, tiempo, distancia, calor\u00edas consumidas y frecuencia card\u00edaca. La funci\u00f3n Scan controla tu entrenamiento en cada momento.<br \/>\nCuidamos los detalles: botella, portabotellas, pedales con calapi\u00e9s, puls\u00f3metro integrado en el manillar, estabilizadores y ruedas para un f\u00e1cil transporte.<br \/>\nPeso m\u00e1ximo de usuario 120 Kg y altura hasta 185 cm. Estructura robusta que aporta la estabilidad que necesitas.<\/p>\n<p><b>Composici\u00f3n<\/b><br \/>\nBicicleta indoor.<br \/>\nMonitor LCD.<br \/>\nHerramientas de montaje.<br \/>\nManual.<br \/>\n2 pilas AA<\/div>\n<\/div>\n","protected":false},"excerpt":{"rendered":"<p>DESCRIPCI\u00f3N Bicicleta indoor Cecotec DrumFit Indoor 10000 Teseo Caracter\u00edsticas BeltRide: sistema de pedaleo fluido mediante transmisi\u00f3n por correa y el volante de inercia de 10 Kg. ComfortFit: sill\u00edn ergon\u00f3mico con acolchado y manillar ajustables para tus entrenamientos de largo recorrido. Custom resistance: resistencia variable para simular un entrenamiento en diferentes entornos. Hands Free: incluye soporte<\/p>\n<div class=\"klb-readmore button\"><a class=\"btn link\" href=\"https:\/\/media-market.es\/?product=bicicleta-indoor-cecotec-drumfit-indoor-10000-teseo\">Read More <i class=\"klbth-icon-right-arrow\"><\/i><\/a><\/div>\n","protected":false},"featured_media":5162,"template":"","meta":[],"product_brand":[],"product_cat":[230],"product_tag":[],"class_list":{"0":"post-5161","1":"product","2":"type-product","3":"status-publish","4":"has-post-thumbnail","6":"product_cat-venta-flash-bicicletas","8":"first","9":"instock","10":"sale","11":"shipping-taxable","12":"purchasable","13":"product-type-simple"},"_links":{"self":[{"href":"https:\/\/media-market.es\/index.php?rest_route=\/wp\/v2\/product\/5161","targetHints":{"allow":["GET"]}}],"collection":[{"href":"https:\/\/media-market.es\/index.php?rest_route=\/wp\/v2\/product"}],"about":[{"href":"https:\/\/media-market.es\/index.php?rest_route=\/wp\/v2\/types\/product"}],"wp:featuredmedia":[{"embeddable":true,"href":"https:\/\/media-market.es\/index.php?rest_route=\/wp\/v2\/media\/5162"}],"wp:attachment":[{"href":"https:\/\/media-market.es\/index.php?rest_route=%2Fwp%2Fv2%2Fmedia&parent=5161"}],"wp:term":[{"taxonomy":"product_brand","embeddable":true,"href":"https:\/\/media-market.es\/index.php?rest_route=%2Fwp%2Fv2%2Fproduct_brand&post=5161"},{"taxonomy":"product_cat","embeddable":true,"href":"https:\/\/media-market.es\/index.php?rest_route=%2Fwp%2Fv2%2Fproduct_cat&post=5161"},{"taxonomy":"product_tag","embeddable":true,"href":"https:\/\/media-market.es\/index.php?rest_route=%2Fwp%2Fv2%2Fproduct_tag&post=5161"}],"curies":[{"name":"wp","href":"https:\/\/api.w.org\/{rel}","templated":true}]}}