{"id":5159,"date":"2026-01-11T10:05:22","date_gmt":"2026-01-11T09:05:22","guid":{"rendered":"https:\/\/media-market.es\/?post_type=product&#038;p=5159"},"modified":"2026-01-11T10:05:22","modified_gmt":"2026-01-11T09:05:22","slug":"bicicleta-electrica-cecotec-urban-pro","status":"publish","type":"product","link":"https:\/\/media-market.es\/?product=bicicleta-electrica-cecotec-urban-pro","title":{"rendered":"Bicicleta el\u00e9ctrica Cecotec Urban Pro"},"content":{"rendered":"<p><a id=\"accordion-DESCRIPCI-N\" class=\"accordion active\" name=\"DESCRIPCI-N\"><\/a>DESCRIPCI\u00f3N<\/p>\n<div class=\"product-in-detail panel\">\n<div class=\"std\">\n<h2>Bicicleta el\u00e9ctrica Cecotec Urban Pro<\/h2>\n<p><b>Descripci\u00f3n<\/b><\/p>\n<p>Explora el mundo libremente: Recorre largas distancias sin preocuparte por la bater\u00eda gracias a su autonom\u00eda de 90 km.<br \/>\nLlega a donde quieras: la gran potencia de bater\u00eda de 460 Wh (36 V 12,8 Ah) permite recorrer largas distancias con cada carga.<br \/>\nGran agarre y adherencia: Sus ruedas de 28&#8243; proporcionan la seguridad, el agarre y la adherencia que necesitas para poder circular con libertad de forma c\u00f3moda.<br \/>\nM\u00e1xima seguridad en cada frenada: Su doble freno de disco hidr\u00e1ulico aporta la m\u00e1xima confianza y seguridad de parada en cada desplazamiento.<br \/>\nToda la informaci\u00f3n en tu manillar: Controla al alcance de tu mano la velocidad, kil\u00f3metros, nivel de asistencia y luz en la pantalla que trae incorporada.<br \/>\nDise\u00f1o ligero y resistente: Su cuadro de aluminio aporta la resistencia y ligereza necesarias para desplazarnos por la ciudad de forma \u00e1gil y c\u00f3moda.<br \/>\nAdapta la marcha a tu ritmo: Su preciso cambio Shimano de 7 velocidades asegura la eficacia en cada cambio de marchas para conquistar la ciudad.<br \/>\nComodidad ante cualquier obst\u00e1culo: Su sistema de suspensi\u00f3n delantera reduce los impactos para que te puedas mover sin problema sobre cualquier superficie.<\/p>\n<p><b>Composici\u00f3n<\/b><\/p>\n<p>Bicicleta<br \/>\nCargador<br \/>\nHerramientas de montaje<br \/>\nManual de instrucciones<\/p><\/div>\n<\/div>\n","protected":false},"excerpt":{"rendered":"<p>DESCRIPCI\u00f3N Bicicleta el\u00e9ctrica Cecotec Urban Pro Descripci\u00f3n Explora el mundo libremente: Recorre largas distancias sin preocuparte por la bater\u00eda gracias a su autonom\u00eda de 90 km. Llega a donde quieras: la gran potencia de bater\u00eda de 460 Wh (36 V 12,8 Ah) permite recorrer largas distancias con cada carga. Gran agarre y adherencia: Sus ruedas<\/p>\n<div class=\"klb-readmore button\"><a class=\"btn link\" href=\"https:\/\/media-market.es\/?product=bicicleta-electrica-cecotec-urban-pro\">Read More <i class=\"klbth-icon-right-arrow\"><\/i><\/a><\/div>\n","protected":false},"featured_media":5160,"template":"","meta":[],"product_brand":[],"product_cat":[230],"product_tag":[],"class_list":{"0":"post-5159","1":"product","2":"type-product","3":"status-publish","4":"has-post-thumbnail","6":"product_cat-venta-flash-bicicletas","8":"first","9":"instock","10":"sale","11":"shipping-taxable","12":"purchasable","13":"product-type-simple"},"_links":{"self":[{"href":"https:\/\/media-market.es\/index.php?rest_route=\/wp\/v2\/product\/5159","targetHints":{"allow":["GET"]}}],"collection":[{"href":"https:\/\/media-market.es\/index.php?rest_route=\/wp\/v2\/product"}],"about":[{"href":"https:\/\/media-market.es\/index.php?rest_route=\/wp\/v2\/types\/product"}],"wp:featuredmedia":[{"embeddable":true,"href":"https:\/\/media-market.es\/index.php?rest_route=\/wp\/v2\/media\/5160"}],"wp:attachment":[{"href":"https:\/\/media-market.es\/index.php?rest_route=%2Fwp%2Fv2%2Fmedia&parent=5159"}],"wp:term":[{"taxonomy":"product_brand","embeddable":true,"href":"https:\/\/media-market.es\/index.php?rest_route=%2Fwp%2Fv2%2Fproduct_brand&post=5159"},{"taxonomy":"product_cat","embeddable":true,"href":"https:\/\/media-market.es\/index.php?rest_route=%2Fwp%2Fv2%2Fproduct_cat&post=5159"},{"taxonomy":"product_tag","embeddable":true,"href":"https:\/\/media-market.es\/index.php?rest_route=%2Fwp%2Fv2%2Fproduct_tag&post=5159"}],"curies":[{"name":"wp","href":"https:\/\/api.w.org\/{rel}","templated":true}]}}