{"id":5153,"date":"2026-01-11T09:58:09","date_gmt":"2026-01-11T08:58:09","guid":{"rendered":"https:\/\/media-market.es\/?post_type=product&#038;p=5153"},"modified":"2026-01-11T09:58:09","modified_gmt":"2026-01-11T08:58:09","slug":"bicicleta-electrica-cecotec-drumfit-rower-20000-neptuno","status":"publish","type":"product","link":"https:\/\/media-market.es\/?product=bicicleta-electrica-cecotec-drumfit-rower-20000-neptuno","title":{"rendered":"Bicicleta el\u00e9ctrica Cecotec Drumfit Rower 20000 Neptuno"},"content":{"rendered":"<p><a id=\"accordion-DESCRIPCI-N\" class=\"accordion active\" name=\"DESCRIPCI-N\"><\/a>DESCRIPCI\u00f3N<\/p>\n<div class=\"product-in-detail panel\">\n<div class=\"std\">\n<h2>Bicicleta el\u00e9ctrica Cecotec Drumfit Rower 20000 Neptuno<\/h2>\n<p><b>Descripci\u00f3n<\/b><br \/>\nResistencia de agua: a mayor velocidad de remada, m\u00e1s fuerza se debe aplicar y mayor es el nivel de resistencia.<br \/>\nTanque de 11 litros: el nivel de agua del tanque simula el peso del bote en movimiento, por lo que a mayor agua, mayor peso y mayor fuerza se requiere. Cuando el tanque est\u00e9 completamente lleno, el entrenamiento se basar\u00e1 en un mayor nivel de fuerza ya que la remada ser\u00e1 m\u00e1s pesada.<br \/>\nAl vincular tu remo con la aplicaci\u00f3n de Kinomap, podr\u00e1s aprovechar beneficios como competir en l\u00ednea contra otros usuarios, mantener un seguimiento de tus entrenamientos y explorar diversas rutas.<br \/>\nDoble manillar: dispone de un manillar alargado para realizar movimientos laterales que consiguen sensaciones m\u00e1s naturales y realistas. Adem\u00e1s, cuenta con un manillar tradicional para realizar un movimiento de remada en recto.<br \/>\nTodo en la pantalla: gracias a su pantalla LCD podr\u00e1s ver en el momento el contador, el tiempo, la distancia, las calor\u00edas y la funci\u00f3n SCAN.<br \/>\nLongitud del ra\u00edl de 80 cm.<br \/>\nDisfruta entrenando: soporte para dispositivos para que disfrutes de tu contenido favorito mientras entrenas.<br \/>\nIncluye ruedas de transporte para un c\u00f3modo y f\u00e1cil desplazamiento tras su uso.<br \/>\nEl peso m\u00e1ximo de usuario es 135 kg y la altura m\u00e1xima de usuario recomendada es 190 cm.<br \/>\nDimensiones del producto: 198 x 42 x 59 cm.<\/p>\n<p><b>Composici\u00f3n<\/b><br \/>\n2 Pilas AAA<br \/>\nKit de montaje<br \/>\nManual de instrucciones<br \/>\nM\u00e1quina de remo de agua<\/div>\n<\/div>\n","protected":false},"excerpt":{"rendered":"<p>DESCRIPCI\u00f3N Bicicleta el\u00e9ctrica Cecotec Drumfit Rower 20000 Neptuno Descripci\u00f3n Resistencia de agua: a mayor velocidad de remada, m\u00e1s fuerza se debe aplicar y mayor es el nivel de resistencia. Tanque de 11 litros: el nivel de agua del tanque simula el peso del bote en movimiento, por lo que a mayor agua, mayor peso y<\/p>\n<div class=\"klb-readmore button\"><a class=\"btn link\" href=\"https:\/\/media-market.es\/?product=bicicleta-electrica-cecotec-drumfit-rower-20000-neptuno\">Read More <i class=\"klbth-icon-right-arrow\"><\/i><\/a><\/div>\n","protected":false},"featured_media":5154,"template":"","meta":[],"product_brand":[],"product_cat":[230],"product_tag":[],"class_list":{"0":"post-5153","1":"product","2":"type-product","3":"status-publish","4":"has-post-thumbnail","6":"product_cat-venta-flash-bicicletas","8":"first","9":"instock","10":"sale","11":"shipping-taxable","12":"purchasable","13":"product-type-simple"},"_links":{"self":[{"href":"https:\/\/media-market.es\/index.php?rest_route=\/wp\/v2\/product\/5153","targetHints":{"allow":["GET"]}}],"collection":[{"href":"https:\/\/media-market.es\/index.php?rest_route=\/wp\/v2\/product"}],"about":[{"href":"https:\/\/media-market.es\/index.php?rest_route=\/wp\/v2\/types\/product"}],"wp:featuredmedia":[{"embeddable":true,"href":"https:\/\/media-market.es\/index.php?rest_route=\/wp\/v2\/media\/5154"}],"wp:attachment":[{"href":"https:\/\/media-market.es\/index.php?rest_route=%2Fwp%2Fv2%2Fmedia&parent=5153"}],"wp:term":[{"taxonomy":"product_brand","embeddable":true,"href":"https:\/\/media-market.es\/index.php?rest_route=%2Fwp%2Fv2%2Fproduct_brand&post=5153"},{"taxonomy":"product_cat","embeddable":true,"href":"https:\/\/media-market.es\/index.php?rest_route=%2Fwp%2Fv2%2Fproduct_cat&post=5153"},{"taxonomy":"product_tag","embeddable":true,"href":"https:\/\/media-market.es\/index.php?rest_route=%2Fwp%2Fv2%2Fproduct_tag&post=5153"}],"curies":[{"name":"wp","href":"https:\/\/api.w.org\/{rel}","templated":true}]}}