{"id":5151,"date":"2026-01-11T09:54:31","date_gmt":"2026-01-11T08:54:31","guid":{"rendered":"https:\/\/media-market.es\/?post_type=product&#038;p=5151"},"modified":"2026-01-11T09:54:31","modified_gmt":"2026-01-11T08:54:31","slug":"bicicleta-estatica-cecotec-x-bike","status":"publish","type":"product","link":"https:\/\/media-market.es\/?product=bicicleta-estatica-cecotec-x-bike","title":{"rendered":"Bicicleta Est\u00e1tica Cecotec X-Bike"},"content":{"rendered":"<p><a id=\"accordion-DESCRIPCI-N\" class=\"accordion active\" name=\"DESCRIPCI-N\"><\/a>DESCRIPCI\u00f3N<\/p>\n<div class=\"product-in-detail panel\">\n<div class=\"std\">Cuida tu salud sin tener que salir a la calle o al gimnasio. Con esta bicicleta est\u00e1tica podr\u00e1s hacerlo en cualquier momento del d\u00eda sin importar el clima ni el tiempo que tengas. Solo importa tener una rutina y conseguir objetivos.<\/p>\n<p>La bicicleta magn\u00e9tica plegable X-Bike de Cecotec es la soluci\u00f3n ideal para las personas que quieren iniciarse en este deporte y no disponen de espacio en casa. Cuenta con unas prestaciones muy completas, que incluyen puls\u00f3metro y pantalla LCD.<\/p>\n<p>Veras en tiempo real todos los datos, mejoraras tus rutinas y cuidaras tu salud.<\/p>\n<p>Ya no tienes m\u00e1s excusas. Con la bicicleta podr\u00e1s hacer deporte en tu casa y durante el tiempo que tu quieras, adem\u00e1s tiene un sistema de plegado perfecto para cualquier rinc\u00f3n.<\/p>\n<p>Adem\u00e1s su funcionamiento esta basado en un sistema magn\u00e9tico que garantiza la m\u00e1xima fiabilidad.<\/p>\n<p>Esta bicicleta funciona mediante transmisi\u00f3n por correa, e incorpora el sistema Silence Fit, que hace que el pedaleo sea m\u00e1s \u00e1gil, silencioso y fluido, con el m\u00e1ximo confort.<\/p>\n<p>Podr\u00e1s controlar tus rutinas de entrenamiento por la pantalla LCD en la que te aparecer\u00e1n los diferentes par\u00e1metros: tiempo transcurrido, velocidad, calor\u00edas consumidas, distancia recorrida y pulsaciones. Tambi\u00e9n integra funci\u00f3n SCAN, que permite ver en pantalla de manera rotativa cada funci\u00f3n.<\/p>\n<p>Dispone de 8 niveles de resistencia selecciona bles a trav\u00e9s de una rueda selectora. Pudiendo seleccionar el nivel que quieres para simular los diferentes recorridos planos, cuestas o en bajadas, como si estuvieras corriendo el Tour de Francia.<\/p>\n<p>Tiene un volante de inercia de 2.5kg ideal para los entrenamientos dom\u00e9sticos.<\/p>\n<p>Y para garantizar tu comodidad y confort durante el ejercicio, posee un sill\u00edn acolchado, confortable y anat\u00f3mico.<\/p>\n<p>Los pedales son con correas para facilitar el agarre del calzado y que te permita pedalear m\u00e1s c\u00f3modamente y seguro.<\/p>\n<p>Para el traslado de la bicicleta incluye 2 ruedas para transportarlo de un sitio a otro de la manera m\u00e1s sencilla.<\/p>\n<p>Medidas: 37,5 x 41 x 115 cm; Peso: 13,5 kg<br \/>\nPeso m\u00e1ximo soportado: 100 kg<\/p>\n<p>Este producto se manda directamente desde cecotec y debido a su volumen de embalaje utilizan un transporte especial que puede demorarse entre 3 a 7 d\u00edas laborables seg\u00fan destino.<br \/>\nDebido al volumen y peso de este producto la entrega del mismo se realizar\u00e1 a Pie de calle o Portal<\/p><\/div>\n<\/div>\n","protected":false},"excerpt":{"rendered":"<p>Bicicleta est\u00e1tica plegable con funcionamiento magnetico. Con 8 niveles de resistencia. Pantalla LED. Y altura regulable.<\/p>\n","protected":false},"featured_media":5152,"template":"","meta":[],"product_brand":[],"product_cat":[230],"product_tag":[],"class_list":{"0":"post-5151","1":"product","2":"type-product","3":"status-publish","4":"has-post-thumbnail","6":"product_cat-venta-flash-bicicletas","8":"first","9":"instock","10":"sale","11":"shipping-taxable","12":"purchasable","13":"product-type-simple"},"_links":{"self":[{"href":"https:\/\/media-market.es\/index.php?rest_route=\/wp\/v2\/product\/5151","targetHints":{"allow":["GET"]}}],"collection":[{"href":"https:\/\/media-market.es\/index.php?rest_route=\/wp\/v2\/product"}],"about":[{"href":"https:\/\/media-market.es\/index.php?rest_route=\/wp\/v2\/types\/product"}],"wp:featuredmedia":[{"embeddable":true,"href":"https:\/\/media-market.es\/index.php?rest_route=\/wp\/v2\/media\/5152"}],"wp:attachment":[{"href":"https:\/\/media-market.es\/index.php?rest_route=%2Fwp%2Fv2%2Fmedia&parent=5151"}],"wp:term":[{"taxonomy":"product_brand","embeddable":true,"href":"https:\/\/media-market.es\/index.php?rest_route=%2Fwp%2Fv2%2Fproduct_brand&post=5151"},{"taxonomy":"product_cat","embeddable":true,"href":"https:\/\/media-market.es\/index.php?rest_route=%2Fwp%2Fv2%2Fproduct_cat&post=5151"},{"taxonomy":"product_tag","embeddable":true,"href":"https:\/\/media-market.es\/index.php?rest_route=%2Fwp%2Fv2%2Fproduct_tag&post=5151"}],"curies":[{"name":"wp","href":"https:\/\/api.w.org\/{rel}","templated":true}]}}