{"id":5125,"date":"2026-01-10T11:33:28","date_gmt":"2026-01-10T10:33:28","guid":{"rendered":"https:\/\/media-market.es\/?post_type=product&#038;p=5125"},"modified":"2026-01-10T11:33:28","modified_gmt":"2026-01-10T10:33:28","slug":"consola-xbox-series-s-microsoft-ep2-00644-1-tb-blanco","status":"publish","type":"product","link":"https:\/\/media-market.es\/?product=consola-xbox-series-s-microsoft-ep2-00644-1-tb-blanco","title":{"rendered":"Consola Xbox Series S &#8211; MICROSOFT EP2-00644, 1 TB, Blanco"},"content":{"rendered":"<h2 class=\"sc-94eb08bc-0 kpOntF\">Descripci\u00f3n<\/h2>\n<div class=\"sc-a4db4a77-0 ebMPPc\" aria-hidden=\"true\"><\/div>\n<div id=\"description-content\" class=\"sc-b7f79d2b-5 dRVYzN\">\n<div class=\"sc-94eb08bc-0 cIXvrS sc-ca7874f-0 fxZZEq\" data-test=\"pdp-description-pim-fallback\">Microsoft Xbox Series S. Plataforma: Xbox Series S, Color del producto: Blanco, Memoria interna: 10240 MB. Unidad de almacenamiento: SSD, Capacidad de almacenamiento interno: 1,02 TB. Ethernet LAN, velocidad de transferencia de datos: 10,100,1000 Mbit\/s, Tipo de interfaz ethernet: Ethernet r\u00e1pido, Gigabit Ethernet, Wi-Fi est\u00e1ndares: 802.11a, 802.11b, 802.11g, Wi-Fi 4 (802.11n), Wi-Fi 5 (802.11ac). Tipo HD: 4K Ultra HD, Formato de v\u00eddeo soportado: 1440p, Decodificadores incorporados: DTS 5.1, Dolby Digital 5.1, Dolby TrueHD. Ancho: 151 mm, Profundidad: 65 mm, Altura: 275 mm<\/div>\n<\/div>\n","protected":false},"excerpt":{"rendered":"<dl class=\"sc-657cef84-0 gXjDqa\">\n<dt>\n<div class=\"sc-657cef84-1 cHFbNd\">\n<p class=\"sc-94eb08bc-0 jeyKdz\">Modelo de consola<\/p>\n<\/div>\n<\/dt>\n<dd>\n<div class=\"sc-657cef84-1 cHFbNd\">\n<p class=\"sc-94eb08bc-0 jHmJio\">Xbox Series S<\/p>\n<\/div>\n<\/dd>\n<dt>\n<div class=\"sc-657cef84-1 cHFbNd\">\n<p class=\"sc-94eb08bc-0 jeyKdz\">Capacidad memoria<\/p>\n<\/div>\n<\/dt>\n<dd>\n<div class=\"sc-657cef84-1 cHFbNd\">\n<p class=\"sc-94eb08bc-0 jHmJio\">1 TB<\/p>\n<\/div>\n<\/dd>\n<dt>\n<div class=\"sc-657cef84-1 cHFbNd\">\n<p class=\"sc-94eb08bc-0 jeyKdz\">Juegos incluidos<\/p>\n<\/div>\n<\/dt>\n<dd>\n<div class=\"sc-657cef84-1 cHFbNd\">\n<p class=\"sc-94eb08bc-0 jHmJio\">S\u00ed<\/p>\n<\/div>\n<\/dd>\n<dt>\n<div class=\"sc-657cef84-1 cHFbNd\">\n<p class=\"sc-94eb08bc-0 jeyKdz\">Contenido<\/p>\n<\/div>\n<\/dt>\n<dd>\n<div class=\"sc-657cef84-1 cHFbNd\">\n<p class=\"sc-94eb08bc-0 jHmJio\">1x Videoconsolas,Cables incluidos:Corrie<\/p>\n<\/div>\n<\/dd>\n<\/dl>\n","protected":false},"featured_media":5128,"template":"","meta":[],"product_brand":[],"product_cat":[228],"product_tag":[],"class_list":{"0":"post-5125","1":"product","2":"type-product","3":"status-publish","4":"has-post-thumbnail","6":"product_cat-venta-flash-consolas-y-videojuegos","8":"first","9":"instock","10":"sale","11":"shipping-taxable","12":"purchasable","13":"product-type-simple"},"_links":{"self":[{"href":"https:\/\/media-market.es\/index.php?rest_route=\/wp\/v2\/product\/5125","targetHints":{"allow":["GET"]}}],"collection":[{"href":"https:\/\/media-market.es\/index.php?rest_route=\/wp\/v2\/product"}],"about":[{"href":"https:\/\/media-market.es\/index.php?rest_route=\/wp\/v2\/types\/product"}],"wp:featuredmedia":[{"embeddable":true,"href":"https:\/\/media-market.es\/index.php?rest_route=\/wp\/v2\/media\/5128"}],"wp:attachment":[{"href":"https:\/\/media-market.es\/index.php?rest_route=%2Fwp%2Fv2%2Fmedia&parent=5125"}],"wp:term":[{"taxonomy":"product_brand","embeddable":true,"href":"https:\/\/media-market.es\/index.php?rest_route=%2Fwp%2Fv2%2Fproduct_brand&post=5125"},{"taxonomy":"product_cat","embeddable":true,"href":"https:\/\/media-market.es\/index.php?rest_route=%2Fwp%2Fv2%2Fproduct_cat&post=5125"},{"taxonomy":"product_tag","embeddable":true,"href":"https:\/\/media-market.es\/index.php?rest_route=%2Fwp%2Fv2%2Fproduct_tag&post=5125"}],"curies":[{"name":"wp","href":"https:\/\/api.w.org\/{rel}","templated":true}]}}