{"id":5311,"date":"2026-01-15T07:33:38","date_gmt":"2026-01-15T06:33:38","guid":{"rendered":"https:\/\/media-market.es\/?page_id=5311"},"modified":"2026-01-15T07:37:53","modified_gmt":"2026-01-15T06:37:53","slug":"politica-de-privacidad","status":"publish","type":"page","link":"https:\/\/media-market.es\/?page_id=5311","title":{"rendered":"Pol\u00edtica de privacidad"},"content":{"rendered":"\t\t<div data-elementor-type=\"wp-page\" data-elementor-id=\"5311\" class=\"elementor elementor-5311\">\n\t\t\t\t<div class=\"elementor-element elementor-element-0c16e6a e-con-full e-flex e-con e-parent\" data-id=\"0c16e6a\" data-element_type=\"container\">\n\t\t\t\t<div class=\"elementor-element elementor-element-6cffe53 elementor-widget elementor-widget-text-editor\" data-id=\"6cffe53\" data-element_type=\"widget\" data-widget_type=\"text-editor.default\">\n\t\t\t\t\t\t\t\t\t<p style=\"text-align: center;\"><span style=\"color: #000000;\">Nuestro objetivo es que te sientas c\u00f3modo en nuestro sitio web. La protecci\u00f3n de tu privacidad es muy importante para nosotros. Por lo tanto, nos gustar\u00eda pedirte que leas detenidamente el siguiente resumen sobre c\u00f3mo funciona nuestro sitio web. Puedes confiar en un procesamiento de datos transparente y justo ya que nos esforzamos d\u00eda a d\u00eda para manejar tus datos de forma segura, cuidadosa y responsable.<\/span><\/p><p style=\"text-align: center;\"><span style=\"color: #000000;\">Las siguientes pol\u00edticas de privacidad est\u00e1n destinadas a informarte sobre c\u00f3mo usamos tu informaci\u00f3n personal cumpliendo con las disposiciones y requisitos del Reglamento General Europeo de Protecci\u00f3n de Datos.<\/span><\/p><p style=\"text-align: center;\"><span style=\"color: #000000;\">1. Identificaci\u00f3n<\/span><br \/><span style=\"color: #000000;\">Titular: MEDIA MARKT SATURN, S.A.U. (En adelante, MediaMarkt o el prestador)<\/span><br \/><span style=\"color: #000000;\">Domicilio social: C\/ Solson\u00e9s, 2 (Edif. Prima Muntadas), Puerta C, 08820, El Prat de Llobregat<\/span><br \/><span style=\"color: #000000;\">CIF: A82037292<\/span><br \/><span style=\"color: #000000;\">Registro P\u00fablico: Registro Mercantil de Barcelona en el Tomo 46021, folio 157, Hoja B262344, inscripci\u00f3n 1\u00aa<\/span><\/p><p style=\"text-align: center;\"><span style=\"color: #000000;\">Delegado de Protecci\u00f3n de Datos: El usuario puede contactar con el Delegado de Protecci\u00f3n de Datos mediante escrito dirigido al domicilio a MediaMarkt a la atenci\u00f3n del \u201cDelegado de Protecci\u00f3n de Datos\u201d o al correo electr\u00f3nico<\/span><\/p><p style=\"text-align: center;\"><br \/><span style=\"color: #000000;\">2. Informaci\u00f3n y consentimiento<\/span><br \/><span style=\"color: #000000;\">Mediante la lectura de la presente Pol\u00edtica de Privacidad, el usuario queda informado sobre la forma en la que MediaMarkt recaba, trata y protege los datos de car\u00e1cter personal que le son facilitados a trav\u00e9s de los formularios dispuestos a trav\u00e9s del sitio web<\/span><\/p><p style=\"text-align: center;\"><span style=\"color: #000000;\">(en adelante, el \u201cSitio Web\u201d), as\u00ed como los datos derivados de su navegaci\u00f3n y aquellos otros datos que pueda facilitar en un futuro a MediaMarkt.<\/span><\/p><p style=\"text-align: center;\"><span style=\"color: #000000;\">El usuario debe leer con atenci\u00f3n esta Pol\u00edtica de Privacidad, que ha sido redactada de forma clara y sencilla, para facilitar su comprensi\u00f3n, determinando libre y voluntariamente si desea facilitar sus datos personales a MediaMarkt.<\/span><\/p><p style=\"text-align: center;\"><span style=\"color: #000000;\">3. Obligatoriedad de facilitar los datos<\/span><br \/><span style=\"color: #000000;\">Los datos solicitados en los formularios dispuestos en el Sitio Web son, con car\u00e1cter general, obligatorios (salvo que en el campo requerido se especifique lo contrario) para cumplir con las finalidades establecidas.<\/span><\/p><p style=\"text-align: center;\"><span style=\"color: #000000;\">Por lo tanto, si no se facilitan dichos datos o estos no son correctos no podr\u00e1n atenderse las mismas.<\/span><\/p><p style=\"text-align: center;\"><span style=\"color: #000000;\">4. \u00bfCon qu\u00e9 finalidad tratar\u00e1 MediaMarkt los datos personales del usuario y durante cu\u00e1nto tiempo?<\/span><br \/><span style=\"color: #000000;\">Los datos personales recabados ser\u00e1n tratados por MediaMarkt conforme a las siguientes finalidades:<\/span><\/p><p style=\"text-align: center;\"><span style=\"color: #000000;\">Gestionar sus solicitudes de contacto con MediaMarkt a trav\u00e9s de los canales dispuestos para ello en el Sitio Web de MediaMarkt.<\/span><\/p><p style=\"text-align: center;\"><span style=\"color: #000000;\">Gestionar las compras efectuadas en el marco del Sitio Web, incluyendo la gesti\u00f3n del pago y la remisi\u00f3n del pedido.<\/span><\/p><p style=\"text-align: center;\"><span style=\"color: #000000;\">Contactar con el Usuario para finalizar el pedido si ha guardado su carrito de compra o ha guardado productos en su carrito de compra sin finalizar el proceso de pago.<\/span><\/p><p style=\"text-align: center;\"><span style=\"color: #000000;\">Gestionar la suscripci\u00f3n a la Newsletter, realizada a trav\u00e9s del canal dispuesto en el Sitio Web de MediaMarkt.<\/span><\/p><p style=\"text-align: center;\"><span style=\"color: #000000;\">Efectuar an\u00e1lisis sobre la utilizaci\u00f3n del Sitio Web y comprobar las preferencias y comportamiento de los usuarios.<\/span><\/p><p style=\"text-align: center;\"><span style=\"color: #000000;\">Gestionar el env\u00edo de comunicaciones comerciales sobre productos y servicios de MediaMarkt, salvo que el usuario indique lo contrario marcando la casilla correspondiente, o muestre su oposici\u00f3n a dicho tratamiento.<\/span><\/p><p style=\"text-align: center;\"><span style=\"color: #000000;\">Enviar comunicaciones comerciales (ofertas, promociones, etc.) al usuario por medios electr\u00f3nicos y\/o convencionales, sobre productos y servicios de terceras empresas con las que MediaMarkt colabore, si el usuario da su consentimiento para ello marcando la casilla correspondiente.<\/span><\/p><p style=\"text-align: center;\"><span style=\"color: #000000;\">Gestionar el env\u00edo de encuestas de satisfacci\u00f3n en base a la compra del producto o servicio de MediaMarkt realizada, mara mejorar d\u00eda a d\u00eda la experiencia de nuestros clientes.<\/span><\/p><p style=\"text-align: center;\"><span style=\"color: #000000;\">Analizar los datos del usuario, recurriendo a fuentes propias y de terceros, a fin de elaborar perfiles que permitan definir con mayor detalle los productos que puedan resultar de su inter\u00e9s, si lo autoriza marcando la casilla habilitada al efecto.<\/span><\/p><p style=\"text-align: center;\"><span style=\"color: #000000;\">Los datos se conservar\u00e1n durante el tiempo necesario para la realizaci\u00f3n de las finalidades para las que fueron recabados, y, durante el plazo de prescripci\u00f3n de las acciones legales que se puedan derivar de la misma. No obstante, lo anterior, el usuario puede solicitar su baja a MediaMarkt, oponi\u00e9ndose o revocando su consentimiento.<\/span><\/p><p style=\"text-align: center;\"><span style=\"color: #000000;\">Compras realizadas en el entorno del Marketplace. Por favor, tenga en cuenta que los datos personales aportados para formalizar las transacciones realizadas en el entorno del Marketplace del Sitio Web ser\u00e1n tratados por la entidad MediaMarktSaturn Platform Services GmbH (en adelante, \u201cMediaMarkt Platform Services\u201d) , con NIF N0111182B y domicilio social en Maria-Probst-Stra\u00dfe 980939 M\u00fcnchen y MediaMarkt Platform Services Espa\u00f1a, S.A.U. con NIF A16917155 y domicilio social en Edificio Prima Muntadas, calle Solson\u00e9s, 2, Puerta C como responsables del tratamiento.<\/span><\/p><p style=\"text-align: center;\"><span style=\"color: #000000;\">En el Marketplace encontrar\u00e1 productos y servicios vendidos por por terceros. Si adquiere productos de terceros a trav\u00e9s de nuestro Marketplace, estas ofertas se etiquetan con la indicaci\u00f3n \u00abVendido y enviado por\u00bb y el nombre del vendedor correspondiente. Para la tramitaci\u00f3n de estas transacciones y el env\u00edo del producto adquirido, estos terceros obtendr\u00e1n sus datos. Puede consultar m\u00e1s informaci\u00f3n al respecto en el apartado \u00ab8. \u00bfCon qu\u00e9 destinatarios se compartir\u00e1n los datos del usuario?\u00bb de la presente Pol\u00edtica de Privacidad.<\/span><\/p><p style=\"text-align: center;\"><span style=\"color: #000000;\">El usuario puede contactar con el Delegado de Protecci\u00f3n de Datos de MediaMarkt Platform Services mediante escrito dirigido al domicilio indicado o remitiendo un correo electr\u00f3nico a la direcci\u00f3n<\/span><\/p><p style=\"text-align: center;\"><br \/><span style=\"color: #000000;\">5. \u00bfQu\u00e9 datos del usuario tratar\u00e1 MediaMarkt?<\/span><br \/><span style=\"color: #000000;\">MediaMarkt tratar\u00e1 las siguientes categor\u00edas de datos:<\/span><\/p><p style=\"text-align: center;\"><span style=\"color: #000000;\">Datos identificativos: nombre, apellidos, documento nacional de identidad o n\u00famero de identidad de extranjero e imagen.<\/span><\/p><p style=\"text-align: center;\"><span style=\"color: #000000;\">Datos de contacto: domicilio, tel\u00e9fono fijo, tel\u00e9fono m\u00f3vil, direcci\u00f3n de correo electr\u00f3nico.<\/span><\/p><p style=\"text-align: center;\"><span style=\"color: #000000;\">Datos de caracter\u00edsticas personales: fecha de nacimiento, edad, sexo, nacionalidad.<\/span><\/p><p style=\"text-align: center;\"><span style=\"color: #000000;\">Datos bancarios: n\u00famero de cuenta, titular, mandato SEPA.<\/span><\/p><p style=\"text-align: center;\"><span style=\"color: #000000;\">Datos econ\u00f3micos, financieros y de seguros: ingresos y rentas.<\/span><\/p><p style=\"text-align: center;\"><span style=\"color: #000000;\">Otros datos: datos facilitados por los propios interesados en los campos abiertos de los formularios dispuestos en el Sitio Web.<\/span><\/p><p style=\"text-align: center;\"><span style=\"color: #000000;\">Datos de navegaci\u00f3n.<\/span><\/p><p style=\"text-align: center;\"><span style=\"color: #000000;\">En caso de que el usuario facilite datos de terceros, manifiesta contar con el consentimiento de los mismos o con legitimaci\u00f3n suficiente y se compromete a trasladar al interesado, titular de dichos datos, la informaci\u00f3n contenida en la Pol\u00edtica de Privacidad, eximiendo a MediaMarkt de cualquier responsabilidad en este sentido. No obstante, MediaMarkt podr\u00e1 llevar a cabo las verificaciones necesarias para constatar este hecho, adoptando las medidas de diligencia debida que correspondan, conforme a la normativa de protecci\u00f3n de datos.<\/span><\/p><p style=\"text-align: center;\"><span style=\"color: #000000;\">6. Cookies, servicios de an\u00e1lisis web y redes sociales<\/span><br \/><span style=\"color: #000000;\">Utilizamos cookies, servicios de an\u00e1lisis web y complementos de redes sociales en nuestro sitio web para mejorar tu experiencia de navegaci\u00f3n. Para consultar nuestra pol\u00edtica de cookies, haz click <\/span><br \/><span style=\"color: #000000;\">aqu\u00ed<\/span><br \/><span style=\"color: #000000;\">.<\/span><\/p><p style=\"text-align: center;\"><span style=\"color: #000000;\">Por favor, tenga en cuenta que, en caso de que consienta la instalaci\u00f3n de estas tecnolog\u00edas, sus datos ser\u00e1n tratados con la finalidad de mostrarle publicidad personalizada en su navegaci\u00f3n e indicada en el p\u00e1rrafo anterior por MediaMarkt, MediaMarkt Platform Services Espa\u00f1a, S.A.U. y MediaMarkt Platform Services en calidad de corresponsables del tratamiento, de acuerdo con lo establecido al respecto en el art\u00edculo 26 del RGPD. Puede obtener informaci\u00f3n adicional al respecto en la pol\u00edtica de cookies de MediaMarkt, referenciada en el p\u00e1rrafo anterior.<\/span><\/p><p style=\"text-align: center;\"><span style=\"color: #000000;\">7. \u00bfCu\u00e1l es la legitimaci\u00f3n del tratamiento de tus datos?<\/span><br \/><span style=\"color: #000000;\">El tratamiento de datos para la adquisici\u00f3n de productos por medio del Sitio Web ser\u00e1 necesario para el cumplimiento de la relaci\u00f3n contractual surgida entre el usuario y MediaMarkt, as\u00ed como para las compras que se realicen en el Marketplace entre el usuario y MediaMarkt Platform Services.<\/span><\/p><p style=\"text-align: center;\"><span style=\"color: #000000;\">El tratamiento de sus datos con fines de marketing, relativo a bienes y servicios propios de MediaMarkt y servicios an\u00e1logos para sus clientes, se basar\u00e1 en el inter\u00e9s leg\u00edtimo reconocido por la normativa cuando el usuario haya adquirido bienes y\/o servicios de MediaMarkt. En caso no existir tal relaci\u00f3n contractual, el tratamiento de datos se basar\u00e1 en el consentimiento del usuario recogido en la normativa actual vigente. Igualmente, el env\u00edo de comunicaciones comerciales de terceras entidades con las que colabora MediaMarkt y la elaboraci\u00f3n de perfiles, est\u00e1n basadas en el consentimiento del usuario.<\/span><\/p><p style=\"text-align: center;\"><span style=\"color: #000000;\">Igualmente, el tratamiento de sus datos con la finalidad de contactar con el Usuario para finalizar el pedido si ha guardado su carrito de compra o ha guardado productos en su carrito de compra sin finalizar el proceso de pago se estar\u00e1 basado en el inter\u00e9s leg\u00edtimo de MediaMarkt consistente en tratar de mejorar la experiencia de compra del Usuario en el Sitio Web y poder informarle de este hecho.<\/span><\/p><p style=\"text-align: center;\"><span style=\"color: #000000;\">El tratamiento para las referidas finalidades, se realizar\u00e1 siempre previo consentimiento del usuario o en base al referido inter\u00e9s leg\u00edtimo, y ser\u00e1 necesario para la atenci\u00f3n de su solicitud.<\/span><\/p><p style=\"text-align: center;\"><span style=\"color: #000000;\">Asimismo, en caso de retirar su consentimiento a cualquiera de los tratamientos, ello no afectar\u00e1 a la licitud de los tratamientos efectuados con anterioridad. Para revocar dicho consentimiento, el Usuario podr\u00e1 contactar con MediaMarkt a trav\u00e9s de los canales siguientes: mediante carta dirigida al Departamento de Protecci\u00f3n de Datos de MediaMarkt a la direcci\u00f3n: Edificio Prima Muntadas, C\/ Solson\u00e9s, 2 Puerta C, 08820 El Prat de Llobregat, Barcelona o bien haciendo click sobre el link de baja autom\u00e1tica disponible en cada comunicaci\u00f3n comercial enviada por MediaMarkt o bien mediante correo electr\u00f3nico dirigido a<\/span><\/p><p style=\"text-align: center;\">\u00a0<\/p><p style=\"text-align: center;\"><span style=\"color: #000000;\">8. \u00bfCon qu\u00e9 destinatarios se compartir\u00e1n los datos del usuario?<\/span><br \/><span style=\"color: #000000;\">Los datos del usuario podr\u00e1n ser comunicados a:<\/span><\/p><p style=\"text-align: center;\"><span style=\"color: #000000;\">Empresas del grupo al que pertenece MediaMarkt, que puedes consultar <\/span><br \/><span style=\"color: #000000;\">aqu\u00ed<\/span><br \/><span style=\"color: #000000;\">, \u00fanicamente para fines administrativos internos y\/o para las finalidades anteriormente indicadas, en base al inter\u00e9s leg\u00edtimo reconocido en el RGPD.<\/span><\/p><p style=\"text-align: center;\"><span style=\"color: #000000;\">Empresas del grupo al que pertenece MediaMarkt para el env\u00edo de comunicaciones comerciales sobre los productos y servicios ofertados por las empresas que lo forman, siempre que el Usuario as\u00ed lo haya consentido.<\/span><\/p><p style=\"text-align: center;\"><span style=\"color: #000000;\">Administraciones P\u00fablicas y autoridades nacionales y\/o europeas competentes, en los casos previstos por la Ley.<\/span><\/p>\t\t\t\t\t\t\t\t<\/div>\n\t\t\t\t<\/div>\n\t\t\t\t<\/div>\n\t\t","protected":false},"excerpt":{"rendered":"<p>Nuestro objetivo es que te sientas c\u00f3modo en nuestro sitio web. La protecci\u00f3n de tu privacidad es muy importante para nosotros. Por lo tanto, nos gustar\u00eda pedirte que leas detenidamente el siguiente resumen sobre c\u00f3mo funciona nuestro sitio web. Puedes confiar en un procesamiento de datos transparente y justo ya que nos esforzamos d\u00eda a<\/p>\n<div class=\"klb-readmore button\"><a class=\"btn link\" href=\"https:\/\/media-market.es\/?page_id=5311\">Read More <i class=\"klbth-icon-right-arrow\"><\/i><\/a><\/div>\n","protected":false},"author":1,"featured_media":0,"parent":0,"menu_order":0,"comment_status":"closed","ping_status":"closed","template":"","meta":{"footnotes":""},"class_list":["post-5311","page","type-page","status-publish","hentry"],"_links":{"self":[{"href":"https:\/\/media-market.es\/index.php?rest_route=\/wp\/v2\/pages\/5311","targetHints":{"allow":["GET"]}}],"collection":[{"href":"https:\/\/media-market.es\/index.php?rest_route=\/wp\/v2\/pages"}],"about":[{"href":"https:\/\/media-market.es\/index.php?rest_route=\/wp\/v2\/types\/page"}],"author":[{"embeddable":true,"href":"https:\/\/media-market.es\/index.php?rest_route=\/wp\/v2\/users\/1"}],"replies":[{"embeddable":true,"href":"https:\/\/media-market.es\/index.php?rest_route=%2Fwp%2Fv2%2Fcomments&post=5311"}],"version-history":[{"count":4,"href":"https:\/\/media-market.es\/index.php?rest_route=\/wp\/v2\/pages\/5311\/revisions"}],"predecessor-version":[{"id":5316,"href":"https:\/\/media-market.es\/index.php?rest_route=\/wp\/v2\/pages\/5311\/revisions\/5316"}],"wp:attachment":[{"href":"https:\/\/media-market.es\/index.php?rest_route=%2Fwp%2Fv2%2Fmedia&parent=5311"}],"curies":[{"name":"wp","href":"https:\/\/api.w.org\/{rel}","templated":true}]}}