{"id":5305,"date":"2026-01-15T07:20:59","date_gmt":"2026-01-15T06:20:59","guid":{"rendered":"https:\/\/media-market.es\/?page_id=5305"},"modified":"2026-01-15T07:25:12","modified_gmt":"2026-01-15T06:25:12","slug":"condiciones-de-uso-web","status":"publish","type":"page","link":"https:\/\/media-market.es\/?page_id=5305","title":{"rendered":"Condiciones de uso web"},"content":{"rendered":"\t\t<div data-elementor-type=\"wp-page\" data-elementor-id=\"5305\" class=\"elementor elementor-5305\">\n\t\t\t\t<div class=\"elementor-element elementor-element-b57ebac e-con-full e-flex e-con e-parent\" data-id=\"b57ebac\" data-element_type=\"container\">\n\t\t\t\t<div class=\"elementor-element elementor-element-d6e442f elementor-widget elementor-widget-text-editor\" data-id=\"d6e442f\" data-element_type=\"widget\" data-widget_type=\"text-editor.default\">\n\t\t\t\t\t\t\t\t\t<p style=\"text-align: center;\">1. Identificaci\u00f3n<br \/>Titular: MEDIA MARKT SATURN, S.A.U (en adelante, MediaMarkt o el prestador)<br \/>Domicilio social: C\/ Solson\u00e8s, 2, Puerta C (Edif. Prima Muntadas), 08820, El Prat de Llobregat<br \/>CIF: A82037292<br \/>Registro P\u00fablico: Registro Mercantil de Barcelona en el Tomo 46021, folio 157, Hoja B262344, inscripci\u00f3n 1\u00aa<br \/>Tel\u00e9fono: 900 205 000<br \/>E-mail: contacto@media-market.es<\/p><p style=\"text-align: center;\">2. Objeto<br \/>Las presentes condiciones de uso (en adelante, las \u201cCondiciones de Uso\u201d, o las \u201cCondiciones\u201d) regulan los derechos y obligaciones de MediaMarkt y de los usuarios en relaci\u00f3n el acceso, navegaci\u00f3n y utilizaci\u00f3n del presente al sitio web de MediaMarkt y al Marketplace de MediaMarkt sito en (en adelante el \u201cSitio Web\u201d), sin perjuicio de que MediaMarkt se reserva el derecho a modificar, sin previo aviso, el contenido de las mismas.<\/p><p style=\"text-align: center;\">En todo caso, el acceso por parte del usuario al Sitio Web una vez tenga lugar dicha modificaci\u00f3n implica la aceptaci\u00f3n, por parte del usuario, de las Condiciones y las modificaciones introducidas.<\/p><p style=\"text-align: center;\">No obstante, el acceso a determinados contenidos y la utilizaci\u00f3n de determinados servicios puede encontrarse sometido a determinadas condiciones particulares, que ser\u00e1n en todo caso claramente mostradas y deber\u00e1n ser aceptadas de forma expresa y con car\u00e1cter previo por parte de los usuarios. Estas condiciones particulares podr\u00e1n sustituir, completar o, en su caso, modificar las presentes Condiciones de uso.<\/p><p style=\"text-align: center;\">En este sentido y sin perjuicio de lo dispuesto en las presentes Condiciones de Uso, la contrataci\u00f3n de cualquier producto y\/o servicio de pago ofrecido por MediaMarkt y\/o los vendedores del Marketplace quedar\u00e1 regulada por las condiciones generales y\/o particulares de cada vendedor del Marketplace y\/o de cada servicio espec\u00edfico dispuestas al efecto.<\/p><p style=\"text-align: center;\">A los efectos de la interpretaci\u00f3n de las presentes Condiciones de Uso, entendemos que una persona pasa a ser usuaria en el momento en que acepta las Condiciones de Uso y la Pol\u00edtica de Privacidad, as\u00ed como el resto de textos legales y pol\u00edticas de uso que son accesibles desde el Sitio Web, bastando la navegaci\u00f3n por parte del usuario para entender que \u00e9ste las acepta de forma consciente e informada.<\/p><p style=\"text-align: center;\">3. Acceso y registro en el sitio web<br \/>El acceso a la mayor\u00eda de contenidos del Sitio Web es completamente gratuito y no requiere registro previo, sin perjuicio de que pueden existir apartados o servicios particulares que requieran el registro previo y, en su caso, pueden implicar el abono de cantidades econ\u00f3micas. En este \u00faltimo caso el usuario ser\u00e1 informado de forma previa, debiendo aceptar las correspondientes condiciones de contrataci\u00f3n de dicho servicio.<\/p><p style=\"text-align: center;\">Queda prohibido el acceso al Sitio Web por parte de menores de edad. No obstante, en caso de que tenga lugar el acceso al Sitio Web y registro por parte de un menor, se presumir\u00e1 que dicho acceso se ha realizado con autorizaci\u00f3n previa y expresa de sus padres, tutores o representantes legales, sin perjuicio de que MediaMarkt se reserva el derecho a realizar cuantas verificaciones y comprobaciones considere oportunas.<\/p><p style=\"text-align: center;\">Bajo ning\u00fan concepto MediaMarkt se responsabilizar\u00e1 de la veracidad de los datos de registro facilitados por los usuarios, por lo que cada uno de \u00e9stos ser\u00e1 el \u00fanico responsable de que la informaci\u00f3n facilitada a MediaMarkt resulte adecuada, exacta y precisa o, en caso contrario, de las posibles consecuencias que pudieran derivarse de la falta de calidad de los datos<\/p><p style=\"text-align: center;\">3.1 Requisitos para registrarse como usuario<\/p><p style=\"text-align: center;\">Para poder llevar a cabo la compra de determinados productos y\/o servicios puestos a disposici\u00f3n de los usuarios, resulta preciso que \u00e9stos se registren previamente, facilitando a trav\u00e9s de los formularios dispuestos a tal efecto, al menos, los datos de registro que sean requeridos como obligatorios.<\/p><p style=\"text-align: center;\">Es requisito imprescindible para poder registrarse como usuario ser mayor de dieciocho (18) a\u00f1os y proporcionar a trav\u00e9s del Sitio Web toda la informaci\u00f3n requerida como obligatoria. El usuario registrado asume que su cuenta de usuario es personal e intransferible, pudiendo registrarse en el Sitio Web tanto personas f\u00edsicas como personas jur\u00eddicas.<\/p><p style=\"text-align: center;\">Todo usuario registrado dispondr\u00e1 de una contrase\u00f1a de acceso, que ser\u00e1 en todo caso, personal, intransferible, tendr\u00e1 una vigencia temporal limitada. Esta contrase\u00f1a deber\u00e1 cumplir unos requisitos m\u00ednimos de longitud y seguridad. El usuario podr\u00e1 modificar o recuperar dicha contrase\u00f1a en cualquier momento, siguiendo para ello el procedimiento dispuesto en el Sitio Web. En ning\u00fan caso MediaMarkt tendr\u00e1 acceso directo a dicha contrase\u00f1a salvo para la prestaci\u00f3n del servicio de acceso al Sitio Web a los usuarios. Esta contrase\u00f1a permanecer\u00e1 en los sistemas de MediaMarkt cifrada, para asegurar su conservaci\u00f3n y evitar su acceso no autorizado por parte de terceros.<\/p><p style=\"text-align: center;\">En virtud de lo anterior, es obligaci\u00f3n del usuario notificar de forma inmediata a MediaMarkt cualquier hecho que permita el uso indebido de los identificadores y\/o contrase\u00f1as, tales como el robo, extrav\u00edo, o el acceso no autorizado a los mismos, con el fin de proceder a su inmediata cancelaci\u00f3n. Mientras no se comuniquen tales hechos, MediaMarkt quedar\u00e1 eximido de cualquier responsabilidad que pudiera derivarse del uso indebido de los identificadores o contrase\u00f1as por terceros no autorizados.<\/p><p style=\"text-align: center;\">En la tienda online de MediaMarkt, los usuarios s\u00f3lo pueden dejar informaci\u00f3n limitada. En particular, la funci\u00f3n de rese\u00f1a de productos est\u00e1 actualmente a disposici\u00f3n de los usuarios. La funci\u00f3n de comentario para las rese\u00f1as de productos s\u00f3lo est\u00e1 permitida para los idiomas alem\u00e1n e ingl\u00e9s. Puedes encontrar informaci\u00f3n m\u00e1s detallada en las condiciones de uso especiales para las rese\u00f1as de productos.<\/p><p style=\"text-align: center;\">3.2 Baja como usuario registrado<\/p><p style=\"text-align: center;\">El usuario puede, en cualquier momento, solicitar su baja del Sitio Web, bastando para ello tramitarlo a trav\u00e9s del apartado habilitado al efecto en el apartado \u201cMi Cuenta\u201d disponible en el Sitio Web.<\/p><p style=\"text-align: center;\">En cualquier caso, una vez efectuada la baja, el usuario podr\u00e1 solicitar un nuevo registro, quedando a salvo la facultad del prestador de no admitir dicho registro en los casos concretos especificados en la cl\u00e1usula denominada \u201cReglas de Uso del Sitio Web\u201d, o en caso de conflicto o controversia suscitado entre las partes, que se encuentre por resolver o que haya finalizado con reconocimiento de culpa o negligencia del usuario y\/o perjuicio a MediaMarkt, a sus colaboradores y asociados o a sus usuarios, clientes o potenciales clientes o a los vendedores del Marketplace.<\/p><h2 class=\"sc-94eb08bc-0 hUTvfB\" style=\"text-align: center;\"><b>4. Derechos de propiedad intelectual e industrial<\/b><\/h2><p class=\"sc-94eb08bc-0 ddxOln\" style=\"text-align: center;\"><b>4.1 Generalidades<\/b><\/p><p class=\"sc-94eb08bc-0 ddxOln\" style=\"text-align: center;\">MediaMarkt es titular o, en su caso, cuenta con las licencias correspondientes sobre los derechos de explotaci\u00f3n de propiedad intelectual e industrial sobre el dise\u00f1o y programaci\u00f3n del Sitio Web, as\u00ed como de todos los contenidos ofrecidos en el mismo, incluyendo, a t\u00edtulo enunciativo y no limitativo, la propia plataforma, textos, fotograf\u00edas o ilustraciones, logos, marcas, grafismos, dise\u00f1os, interfaces, o cualquier otra informaci\u00f3n o contenido disponible a trav\u00e9s del mismo.<\/p><p class=\"sc-94eb08bc-0 ddxOln\" style=\"text-align: center;\">En ning\u00fan caso se entender\u00e1 que el acceso, navegaci\u00f3n y utilizaci\u00f3n del Sitio Web por parte del usuario o la utilizaci\u00f3n, adquisici\u00f3n y\/o contrataci\u00f3n de productos o servicios ofertados a trav\u00e9s del mismo implica renuncia, transmisi\u00f3n, licencia o cesi\u00f3n total o parcial de dichos derechos por parte de MediaMarkt a favor del usuario. El usuario dispone de un derecho de uso de los contenidos y\/o servicios del Sitio Web dentro de un \u00e1mbito estrictamente dom\u00e9stico, para el acceso y la navegaci\u00f3n a trav\u00e9s del Sitio Web, y \u00fanicamente con la finalidad de disfrutar de las prestaciones del servicio de acuerdo con las presentes Condiciones de Uso. Las referencias a marcas o nombres comerciales registrados, u otros signos distintivos, ya sean titularidad de MediaMarkt o de terceras empresas, llevan impl\u00edcita la prohibici\u00f3n sobre su uso sin el consentimiento expreso y por escrito de MediaMarkt, o de sus leg\u00edtimos titulares. En ning\u00fan momento, salvo manifestaci\u00f3n expresa en contrario, el acceso, navegaci\u00f3n o utilizaci\u00f3n del Sitio Web y\/o de sus contenidos confiere al usuario derecho alguno sobre los signos distintivos, los contenidos o servicios en \u00e9l incluidos.<\/p><p class=\"sc-94eb08bc-0 ddxOln\" style=\"text-align: center;\">Quedan reservados todos los derechos de propiedad intelectual e industrial sobre los contenidos y\/o servicios del Sitio Web y, en particular, queda prohibido modificar, copiar, reproducir, comunicar p\u00fablicamente, transformar o distribuir, por cualquier medio y bajo cualquier forma, la totalidad o parte de los contenidos incluidos en el Sitio Web, para prop\u00f3sitos p\u00fablicos o comerciales, si no se cuenta con la autorizaci\u00f3n previa, expresa y por escrito de MediaMarkt o, en su caso, del titular de los derechos correspondientes.<\/p><p class=\"sc-94eb08bc-0 ddxOln\" style=\"text-align: center;\">Asimismo, queda prohibido suprimir o manipular las indicaciones de copyright u otros cr\u00e9ditos que identifiquen a los titulares de derechos de los contenidos que el usuario encuentre en el Sitio Web, as\u00ed como los dispositivos t\u00e9cnicos de protecci\u00f3n, las huellas digitales, o cualquier mecanismo de protecci\u00f3n o informaci\u00f3n incorporada a los contenidos ofrecidos en el Sitio Web.<\/p><p class=\"sc-94eb08bc-0 ddxOln\" style=\"text-align: center;\">En el caso de que el usuario env\u00ede informaci\u00f3n de cualquier tipo a MediaMarkt a trav\u00e9s de cualquiera de los canales habilitados al efecto, el usuario declara, garantiza y acepta que tiene derecho a hacerlo libremente, que dicha informaci\u00f3n no infringe ning\u00fan derecho de propiedad intelectual, industrial, secreto comercial o cualesquiera otros derechos de terceros, y que dicha informaci\u00f3n no tiene car\u00e1cter confidencial ni causa perjuicio alguno a terceros, asumiendo en caso contrario todas las posibles responsabilidades derivadas.<\/p><p class=\"sc-94eb08bc-0 ddxOln\" style=\"text-align: center;\"><b>4.2 Contenido ilegal<\/b><\/p><p class=\"sc-94eb08bc-0 ddxOln\" style=\"text-align: center;\">Todo usuario tiene derecho a notificar contenidos ilegales a MediaMarkt. Si el usuario tuviera conocimiento de la existencia de alg\u00fan contenido il\u00edcito, ilegal, contrario a las leyes o que pudiera suponer una infracci\u00f3n de derechos de propiedad intelectual y\/o industrial, deber\u00e1 notificarlo inmediatamente al Prestador, con la informaci\u00f3n lo m\u00e1s precisa posible y debidamente fundamentada, a trav\u00e9s de la direcci\u00f3n de correo electr\u00f3nico\u00a0 para que el Prestador pueda evaluar la ilegalidad del contenido denunciado y, en su caso, proceder a la adopci\u00f3n de las medidas oportunas.<\/p>\t\t\t\t\t\t\t\t<\/div>\n\t\t\t\t<\/div>\n\t\t\t\t<\/div>\n\t\t","protected":false},"excerpt":{"rendered":"<p>1. Identificaci\u00f3nTitular: MEDIA MARKT SATURN, S.A.U (en adelante, MediaMarkt o el prestador)Domicilio social: C\/ Solson\u00e8s, 2, Puerta C (Edif. Prima Muntadas), 08820, El Prat de LlobregatCIF: A82037292Registro P\u00fablico: Registro Mercantil de Barcelona en el Tomo 46021, folio 157, Hoja B262344, inscripci\u00f3n 1\u00aaTel\u00e9fono: 900 205 000E-mail: contacto@media-market.es 2. ObjetoLas presentes condiciones de uso (en adelante, las<\/p>\n<div class=\"klb-readmore button\"><a class=\"btn link\" href=\"https:\/\/media-market.es\/?page_id=5305\">Read More <i class=\"klbth-icon-right-arrow\"><\/i><\/a><\/div>\n","protected":false},"author":1,"featured_media":0,"parent":0,"menu_order":0,"comment_status":"closed","ping_status":"closed","template":"","meta":{"footnotes":""},"class_list":["post-5305","page","type-page","status-publish","hentry"],"_links":{"self":[{"href":"https:\/\/media-market.es\/index.php?rest_route=\/wp\/v2\/pages\/5305","targetHints":{"allow":["GET"]}}],"collection":[{"href":"https:\/\/media-market.es\/index.php?rest_route=\/wp\/v2\/pages"}],"about":[{"href":"https:\/\/media-market.es\/index.php?rest_route=\/wp\/v2\/types\/page"}],"author":[{"embeddable":true,"href":"https:\/\/media-market.es\/index.php?rest_route=\/wp\/v2\/users\/1"}],"replies":[{"embeddable":true,"href":"https:\/\/media-market.es\/index.php?rest_route=%2Fwp%2Fv2%2Fcomments&post=5305"}],"version-history":[{"count":4,"href":"https:\/\/media-market.es\/index.php?rest_route=\/wp\/v2\/pages\/5305\/revisions"}],"predecessor-version":[{"id":5310,"href":"https:\/\/media-market.es\/index.php?rest_route=\/wp\/v2\/pages\/5305\/revisions\/5310"}],"wp:attachment":[{"href":"https:\/\/media-market.es\/index.php?rest_route=%2Fwp%2Fv2%2Fmedia&parent=5305"}],"curies":[{"name":"wp","href":"https:\/\/api.w.org\/{rel}","templated":true}]}}