{"id":5298,"date":"2026-01-15T07:13:26","date_gmt":"2026-01-15T06:13:26","guid":{"rendered":"https:\/\/media-market.es\/?page_id=5298"},"modified":"2026-01-15T07:18:24","modified_gmt":"2026-01-15T06:18:24","slug":"condiciones-de-contratacion","status":"publish","type":"page","link":"https:\/\/media-market.es\/?page_id=5298","title":{"rendered":"Condiciones de contrataci\u00f3n"},"content":{"rendered":"\t\t<div data-elementor-type=\"wp-page\" data-elementor-id=\"5298\" class=\"elementor elementor-5298\">\n\t\t\t\t<div class=\"elementor-element elementor-element-0bda6a5 e-con-full e-flex e-con e-parent\" data-id=\"0bda6a5\" data-element_type=\"container\">\n\t\t\t\t<div class=\"elementor-element elementor-element-cf2980a elementor-widget elementor-widget-text-editor\" data-id=\"cf2980a\" data-element_type=\"widget\" data-widget_type=\"text-editor.default\">\n\t\t\t\t\t\t\t\t\t<p style=\"text-align: center;\">1. Identificaci\u00f3n<br \/>Titular: MEDIA MARKT SATURN, S.A.U (en adelante, MediaMarkt o el prestador)<br \/>Domicilio social: C\/ Solson\u00e8s, 2, Puerta C (Edif. Prima Muntadas), 08820, El Prat de Llobregat<br \/>CIF: A82037292<br \/>Registro P\u00fablico: Registro Mercantil de Barcelona en el Tomo 46021, folio 157, Hoja B262344, inscripci\u00f3n 1\u00aa<br \/>E-mail: contacto@media-market.es<\/p><p style=\"text-align: center;\">2. Objeto<br \/>Las presentes condiciones generales (en adelante, las \u00abCondiciones Generales\u00bb), junto, en su caso, con las condiciones particulares que puedan establecerse (en adelante, las \u00abCondiciones Particulares\u00bb), tienen por objeto regular expresamente las condiciones aplicables a los procesos de contrataci\u00f3n llevados a cabo por parte de los usuarios (el \u201cCliente\u201d), de productos y\/o servicios ofrecidos por parte de MediaMarkt a trav\u00e9s de su sitio web<\/p><p style=\"text-align: center;\">Estas Condiciones Generales permanecer\u00e1n en vigor y ser\u00e1n v\u00e1lidas durante todo el tiempo que est\u00e9n accesibles a trav\u00e9s del Sitio Web, sin perjuicio de que MediaMarkt se reserva el derecho a modificar, sin previo aviso, tanto las Condiciones Generales como, en su caso, las Particulares, as\u00ed como cualquiera de los textos legales que se encuentren expuestos en el Sitio Web. En todo caso, el acceso al Sitio Web tras su modificaci\u00f3n, inclusi\u00f3n y\/o sustituci\u00f3n, implica la aceptaci\u00f3n de los mismos por parte del usuario.<\/p><p style=\"text-align: center;\">El Cliente se encuentra sujeto a las Condiciones Generales vigentes en cada uno de los momentos de realizar la contrataci\u00f3n correspondiente, no siendo posible la contrataci\u00f3n de ning\u00fan producto y\/o servicio, sin la previa aceptaci\u00f3n de las presentes Condiciones Generales y en su caso las condiciones particulares que regulen la prestaci\u00f3n de determinados servicios. La vigencia temporal de las Condiciones, coincide con el tiempo de su exposici\u00f3n, hasta el momento en que sean modificadas total o parcialmente. Las nuevas Condiciones ser\u00e1n de aplicaci\u00f3n desde el momento en que est\u00e9n a disposici\u00f3n del Cliente, y sean de esta forma plenamente accesibles.<\/p><p style=\"text-align: center;\">Todas las adquisiciones de Productos comprados a trav\u00e9s del Sitio Web, previa identificaci\u00f3n y autenticaci\u00f3n, a trav\u00e9s del nombre de usuario y contrase\u00f1a que fuese suministrado, se considerar\u00e1n v\u00e1lidamente realizadas por el Cliente, y ser\u00e1n vinculantes. En consecuencia, el Cliente ser\u00e1 el responsable en exclusiva de cualesquiera compras de Productos a trav\u00e9s del Sitio Web por parte de cualquier tercero que haga uso de su usuario y contrase\u00f1a. La realizaci\u00f3n de pedidos desde el Sitio Web por parte de un menor de edad que falsee la informaci\u00f3n de registro, se entender\u00e1 realizada bajo la supervisi\u00f3n y autorizaci\u00f3n de sus padres, tutores o representantes legales.<\/p><p style=\"text-align: center;\">En caso de contradicci\u00f3n entre los t\u00e9rminos y condiciones manifestadas en las presentes Condiciones Generales y las Condiciones Particulares, prevalecer\u00e1n siempre las condiciones acordadas en este \u00faltimo instrumento respecto de aquellos t\u00e9rminos incompatibles, y tan solo respecto de aquellos Productos sometidos a dichas condiciones espec\u00edficas.<\/p><p style=\"text-align: center;\">3. Intervinientes<br \/>El proceso de contrataci\u00f3n electr\u00f3nica a trav\u00e9s del Sitio Web<\/p><p style=\"text-align: center;\">, ser\u00e1 realizado entre el \u201cCliente\u201d y \u201cMediaMarkt\u201d.<\/p><p style=\"text-align: center;\">Tendr\u00e1n la consideraci\u00f3n de \u00abCliente\u00bb del Sitio web<\/p><p style=\"text-align: center;\">, aquellos consumidores, que sean personas f\u00edsicas, residentes en el territorio de la UE, que sean mayores de edad (mayores de 18 a\u00f1os) y dispongan de domicilio fiscal en la UE o, en su caso, personas jur\u00eddicas que acrediten adecuadamente su condici\u00f3n y acepten las presentes Condiciones Generales y las Condiciones Particulares que, en su caso, sean de aplicaci\u00f3n. Queda expresamente prohibida la compra de Productos a trav\u00e9s del Sitio Web, por parte de menores de edad, usuarios que no residan legalmente en la UE o por usuarios que no cumplan los requisitos previstos en las presentes Condiciones Generales, o en su caso, en las Particulares.<\/p><p style=\"text-align: center;\">El \u00abPunto de Venta\u00bb ser\u00e1 la entidad titular del establecimiento que el Cliente haya elegido al formalizar su pedido, y ser\u00e1 con quien se entender\u00e1 celebrada la compraventa de los Productos solicitados. Los datos societarios de cada uno de los Puntos de Venta responsables de la venta se identificar\u00e1n debidamente durante el proceso de contrataci\u00f3n.<\/p><p style=\"text-align: center;\">4. Acceso y registro en el sitio web<br \/>El acceso y consulta del cat\u00e1logo de los productos y\/o servicios publicados en el Sitio Web<\/p><p style=\"text-align: center;\">tiene car\u00e1cter libre y gratuito, no siendo necesario el registro de los usuarios.<\/p><p style=\"text-align: center;\">En cualquier caso, los usuarios pueden registrarse como usuario, para facilitar la realizaci\u00f3n de futuros pedidos y tener f\u00e1cilmente accesible toda la informaci\u00f3n de las compras realizadas, siguiendo las indicaciones dispuestas a continuaci\u00f3n.<\/p><p style=\"text-align: center;\">4.1 Requisitos para registrarse como usuario<\/p><p style=\"text-align: center;\">Es requisito imprescindible para poder registrarse como usuario ser mayor de dieciocho (18) a\u00f1os y proporcionar a trav\u00e9s del formulario dispuesto por MediaMarkt a trav\u00e9s del Sitio Web, todos los datos requeridos e identificados como obligatorios. El usuario registrado asume que su cuenta de usuario es personal e intransferible, pudiendo registrarse en el Sitio Web tanto personas f\u00edsicas como personas jur\u00eddicas.<\/p><p style=\"text-align: center;\">Todo usuario registrado dispondr\u00e1 de una contrase\u00f1a de acceso, que ser\u00e1 en todo caso, personal, intransferible, tendr\u00e1 una vigencia temporal limitada y deber\u00e1 cumplir unos requisitos m\u00ednimos de longitud y seguridad. El usuario podr\u00e1 modificar o recuperar dicha contrase\u00f1a en cualquier momento, siguiendo para ello el procedimiento dispuesto en el Sitio Web. En ning\u00fan caso MediaMarkt conocer\u00e1 dicha contrase\u00f1a, que permanecer\u00e1 en los sistemas de MediaMarkt cifrada.<\/p><p style=\"text-align: center;\">En virtud de lo anterior, es obligaci\u00f3n del usuario notificar de forma inmediata a MediaMarkt cualquier hecho que permita el uso indebido de los identificadores y\/o contrase\u00f1as, tales como el robo, extrav\u00edo, o el acceso no autorizado a los mismos, con el fin de proceder a su inmediata cancelaci\u00f3n. Mientras no se comuniquen tales hechos, el prestador quedar\u00e1 eximido de cualquier responsabilidad que pudiera derivarse del uso indebido de los identificadores o contrase\u00f1as por terceros no autorizados.<\/p><p style=\"text-align: center;\">4.2 Baja como usuario registrado<\/p><p style=\"text-align: center;\">La relaci\u00f3n jur\u00eddica derivada del registro como Cliente del Sitio Web tiene una duraci\u00f3n indefinida. Cualquiera de las partes podr\u00e1 dar por terminada o suspender la presente relaci\u00f3n contractual unilateralmente en cualquier momento y sin m\u00e1s causa que su voluntad en tal sentido, sin perjuicio de las obligaciones derivadas de la formalizaci\u00f3n de pedidos con anterioridad a la terminaci\u00f3n de la relaci\u00f3n. El Cliente podr\u00e1 ejercitar unilateralmente el derecho de terminaci\u00f3n mediante el proceso de cancelaci\u00f3n de cuentas.<\/p><p style=\"text-align: center;\">En cualquier caso, una vez efectuada la baja, el usuario podr\u00e1 solicitar un nuevo registro, quedando a salvo la facultad del prestador de no admitir dicho registro en los casos concretos especificados en la cl\u00e1usula denominada \u201cReglas de Uso del Sitio Web\u201d o en caso de conflicto o controversia suscitado entre las partes, que se encuentre por resolver o que haya finalizado con reconocimiento de culpa o negligencia del usuario y\/o perjuicio al prestador, a sus colaboradores y asociados o a sus usuarios, clientes o potenciales clientes.<\/p><p style=\"text-align: center;\">Del mismo modo, MediaMarkt y los Puntos de Venta se reservan el derecho de cancelar el nombre de usuario, y la contrase\u00f1a, y por tanto el acceso al Sitio Web, de aquellos usuarios que mantengan saldos deudores o impagados con cualquier Punto de Venta.<\/p><p style=\"text-align: center;\">5. Proceso de contrataci\u00f3n electr\u00f3nica de productos<br \/>5.1 Informaci\u00f3n y disponibilidad de los productos ofertados<\/p><p style=\"text-align: center;\">Toda la informaci\u00f3n relativa a los productos y\/o servicios ofertados por MediaMarkt para su Canal Online, ser\u00e1n publicados a trav\u00e9s del Sitio Web<\/p><p style=\"text-align: center;\">, indic\u00e1ndose la siguiente informaci\u00f3n respecto a cada uno de ellos:<\/p><p style=\"text-align: center;\">\u2022 Marca del producto<br \/>\u2022 Modelo del producto<br \/>\u2022 Im\u00e1genes del producto<br \/>\u2022 Descripci\u00f3n del producto<br \/>\u2022 Precio del producto<br \/>\u2022 Descuentos del producto (si procede)<br \/>\u2022 Especificaciones t\u00e9cnicas del producto<br \/>\u2022 Opciones de financiaci\u00f3n<br \/>\u2022 Disponibilidad del producto (stock)<br \/>\u2022 Disponibilidad de env\u00edo a domicilio<br \/>\u2022 Disponibilidad de recogida en tienda<br \/>\u2022 Opiniones y valoraciones de los usuarios<br \/>\u2022 Otros productos relacionados y recomendados<\/p><p style=\"text-align: center;\">Cada Punto de Venta podr\u00e1, en cualquier momento, a\u00f1adir nuevos Productos a los incluidos en el Sitio Web, entendi\u00e9ndose, salvo que se disponga otra cosa, que tales nuevos Productos se regir\u00e1n por lo dispuesto en las Condiciones Generales en vigor en ese momento. Asimismo el Punto de Venta se reserva el derecho a retirar o dejar de ofrecer, en cualquier momento, y sin previo aviso, cualesquiera Productos ofrecidos en el Sitio Web.<\/p><p style=\"text-align: center;\">En el caso de que el Canal on-line o el Punto de Venta no disponga de stock de alguno de los productos solicitado\/s, MediaMarkt, a trav\u00e9s de su Canal on-line o del Punto de Venta, informar\u00e1 al Cliente de dicha situaci\u00f3n, procediendo a reintegrar, sin demora indebida, las sumas que haya abonado por dicho\/s producto\/s.<\/p><p style=\"text-align: center;\">5.2 Fases del procedimiento de contrataci\u00f3n electr\u00f3nica<\/p><p style=\"text-align: center;\">Una vez seleccionado por parte del usuario los productos y\/o servicios ofertados por parte de MediaMarkt, el usuario deber\u00e1 seguir las fases del proceso de contrataci\u00f3n indicadas a continuaci\u00f3n.<\/p>\t\t\t\t\t\t\t\t<\/div>\n\t\t\t\t<\/div>\n\t\t\t\t<\/div>\n\t\t","protected":false},"excerpt":{"rendered":"<p>1. Identificaci\u00f3nTitular: MEDIA MARKT SATURN, S.A.U (en adelante, MediaMarkt o el prestador)Domicilio social: C\/ Solson\u00e8s, 2, Puerta C (Edif. Prima Muntadas), 08820, El Prat de LlobregatCIF: A82037292Registro P\u00fablico: Registro Mercantil de Barcelona en el Tomo 46021, folio 157, Hoja B262344, inscripci\u00f3n 1\u00aaE-mail: contacto@media-market.es 2. ObjetoLas presentes condiciones generales (en adelante, las \u00abCondiciones Generales\u00bb), junto, en<\/p>\n<div class=\"klb-readmore button\"><a class=\"btn link\" href=\"https:\/\/media-market.es\/?page_id=5298\">Read More <i class=\"klbth-icon-right-arrow\"><\/i><\/a><\/div>\n","protected":false},"author":1,"featured_media":0,"parent":0,"menu_order":0,"comment_status":"closed","ping_status":"closed","template":"","meta":{"footnotes":""},"class_list":["post-5298","page","type-page","status-publish","hentry"],"_links":{"self":[{"href":"https:\/\/media-market.es\/index.php?rest_route=\/wp\/v2\/pages\/5298","targetHints":{"allow":["GET"]}}],"collection":[{"href":"https:\/\/media-market.es\/index.php?rest_route=\/wp\/v2\/pages"}],"about":[{"href":"https:\/\/media-market.es\/index.php?rest_route=\/wp\/v2\/types\/page"}],"author":[{"embeddable":true,"href":"https:\/\/media-market.es\/index.php?rest_route=\/wp\/v2\/users\/1"}],"replies":[{"embeddable":true,"href":"https:\/\/media-market.es\/index.php?rest_route=%2Fwp%2Fv2%2Fcomments&post=5298"}],"version-history":[{"count":4,"href":"https:\/\/media-market.es\/index.php?rest_route=\/wp\/v2\/pages\/5298\/revisions"}],"predecessor-version":[{"id":5302,"href":"https:\/\/media-market.es\/index.php?rest_route=\/wp\/v2\/pages\/5298\/revisions\/5302"}],"wp:attachment":[{"href":"https:\/\/media-market.es\/index.php?rest_route=%2Fwp%2Fv2%2Fmedia&parent=5298"}],"curies":[{"name":"wp","href":"https:\/\/api.w.org\/{rel}","templated":true}]}}