{"id":5292,"date":"2026-01-15T07:07:09","date_gmt":"2026-01-15T06:07:09","guid":{"rendered":"https:\/\/media-market.es\/?page_id=5292"},"modified":"2026-01-15T07:10:08","modified_gmt":"2026-01-15T06:10:08","slug":"quienes-somos","status":"publish","type":"page","link":"https:\/\/media-market.es\/?page_id=5292","title":{"rendered":"\u00bfQui\u00e9nes somos?"},"content":{"rendered":"\t\t<div data-elementor-type=\"wp-page\" data-elementor-id=\"5292\" class=\"elementor elementor-5292\">\n\t\t\t\t<div class=\"elementor-element elementor-element-63cd9b0 e-con-full e-flex e-con e-parent\" data-id=\"63cd9b0\" data-element_type=\"container\">\n\t\t\t\t<div class=\"elementor-element elementor-element-f17ddc4 elementor-widget elementor-widget-text-editor\" data-id=\"f17ddc4\" data-element_type=\"widget\" data-widget_type=\"text-editor.default\">\n\t\t\t\t\t\t\t\t\t<p style=\"text-align: center;\"><span style=\"color: #000000;\">Sobre Media Market<\/span><br \/><span style=\"color: #000000;\">MediaMarkt es la compa\u00f1\u00eda l\u00edder en Espa\u00f1a y Europa en el sector de la distribuci\u00f3n de electr\u00f3nica de consumo y servicios relacionados.<\/span><\/p><p style=\"text-align: center;\"><span style=\"color: #000000;\">Forma parte de MediaMarktSaturn Retail Group, con m\u00e1s de 1.000 puntos de venta ubicados en 13 pa\u00edses, una plantilla de 50.000 personas y una facturaci\u00f3n en 2021\/22 de 21,8 billones \u20ac.<\/span><\/p><p style=\"text-align: center;\"><span style=\"color: #000000;\">En Espa\u00f1a, la compa\u00f1\u00eda est\u00e1 formada por un equipo de 7.000 personas y est\u00e1 presente en todas las Comunidades Aut\u00f3nomas con 110 establecimientos, adem\u00e1s de la tienda online. En 2021\/22 MediaMarkt factur\u00f3 en nuestro pa\u00eds 2.304 millones \u20ac.<\/span><\/p>\t\t\t\t\t\t\t\t<\/div>\n\t\t\t\t<\/div>\n\t\t\t\t<\/div>\n\t\t","protected":false},"excerpt":{"rendered":"<p>Sobre Media MarketMediaMarkt es la compa\u00f1\u00eda l\u00edder en Espa\u00f1a y Europa en el sector de la distribuci\u00f3n de electr\u00f3nica de consumo y servicios relacionados. Forma parte de MediaMarktSaturn Retail Group, con m\u00e1s de 1.000 puntos de venta ubicados en 13 pa\u00edses, una plantilla de 50.000 personas y una facturaci\u00f3n en 2021\/22 de 21,8 billones \u20ac.<\/p>\n<div class=\"klb-readmore button\"><a class=\"btn link\" href=\"https:\/\/media-market.es\/?page_id=5292\">Read More <i class=\"klbth-icon-right-arrow\"><\/i><\/a><\/div>\n","protected":false},"author":1,"featured_media":0,"parent":0,"menu_order":0,"comment_status":"closed","ping_status":"closed","template":"","meta":{"footnotes":""},"class_list":["post-5292","page","type-page","status-publish","hentry"],"_links":{"self":[{"href":"https:\/\/media-market.es\/index.php?rest_route=\/wp\/v2\/pages\/5292","targetHints":{"allow":["GET"]}}],"collection":[{"href":"https:\/\/media-market.es\/index.php?rest_route=\/wp\/v2\/pages"}],"about":[{"href":"https:\/\/media-market.es\/index.php?rest_route=\/wp\/v2\/types\/page"}],"author":[{"embeddable":true,"href":"https:\/\/media-market.es\/index.php?rest_route=\/wp\/v2\/users\/1"}],"replies":[{"embeddable":true,"href":"https:\/\/media-market.es\/index.php?rest_route=%2Fwp%2Fv2%2Fcomments&post=5292"}],"version-history":[{"count":4,"href":"https:\/\/media-market.es\/index.php?rest_route=\/wp\/v2\/pages\/5292\/revisions"}],"predecessor-version":[{"id":5297,"href":"https:\/\/media-market.es\/index.php?rest_route=\/wp\/v2\/pages\/5292\/revisions\/5297"}],"wp:attachment":[{"href":"https:\/\/media-market.es\/index.php?rest_route=%2Fwp%2Fv2%2Fmedia&parent=5292"}],"curies":[{"name":"wp","href":"https:\/\/api.w.org\/{rel}","templated":true}]}}