{"id":3823,"date":"2023-02-14T13:30:15","date_gmt":"2023-02-14T13:30:15","guid":{"rendered":"http:\/\/localhost\/blonwe\/cart\/"},"modified":"2026-01-17T07:13:34","modified_gmt":"2026-01-17T06:13:34","slug":"cart","status":"publish","type":"page","link":"https:\/\/media-market.es\/?page_id=3823","title":{"rendered":"Cart"},"content":{"rendered":"<div class=\"woocommerce\"><div class=\"woocommerce-notices-wrapper\"><\/div>\r\n<div class=\"cart-wrapper\">\r\n\r\n\t<form class=\"woocommerce-cart-form\" action=\"https:\/\/media-market.es\/?page_id=3823\" method=\"post\">\r\n\t\t\t\r\n\t\t<div class=\"klb-free-shipping success\">\r\n\t\t\t<p class=\"shipping-notice\"><i class=\"klb-icon-bookmark-empty-thin\"><\/i>Your order qualifies for free shipping!\n\n<\/p>\r\n\t\t\t<div class=\"shipping-progress\"> <span style=\"width: 100%\"><\/span><\/div>\r\n\t\t<\/div>\r\n\t\t\t\r\n\t\r\n\t\t<table class=\"table shop_table shop_table_responsive cart woocommerce-cart-form__contents\" cellspacing=\"0\">\r\n\t\t\t<thead>\r\n\t\t\t\t<tr>\r\n\t\t\t\t\t<th class=\"product-thumbnail\">&nbsp;<\/th>\r\n\t\t\t\t\t<th scope=\"col\" class=\"product-name\">Product<\/th>\r\n\t\t\t\t\t<th scope=\"col\" class=\"product-price\">Price<\/th>\r\n\t\t\t\t\t<th scope=\"col\" class=\"product-quantity\">Quantity<\/th>\r\n\t\t\t\t\t<th scope=\"col\" class=\"product-subtotal\">Subtotal<\/th>\r\n\t\t\t\t\t<th class=\"product-remove\">&nbsp;<\/th>\r\n\t\t\t\t<\/tr>\r\n\t\t\t<\/thead>\r\n\t\t\t<tbody>\r\n\t\t\t\t\r\n\t\t\t\t\t\t\t\t\t\t<tr class=\"woocommerce-cart-form__cart-item cart_item cart_item\">\r\n\r\n\t\t\t\t\t\t\t<td class=\"product-thumbnail\">\r\n\t\t\t\t\t\t\t<a href=\"https:\/\/media-market.es\/?product=bicicleta-electrica-de-montana-cecotec-mountain-avanti\"><img fetchpriority=\"high\" decoding=\"async\" width=\"300\" height=\"300\" src=\"https:\/\/media-market.es\/wp-content\/uploads\/2026\/01\/mountain-avanti_81307n_1.png_md-300x300.png\" class=\"attachment-woocommerce_thumbnail size-woocommerce_thumbnail\" alt=\"Bicicleta el\u00e9ctrica de monta\u00f1a Cecotec Mountain Avanti\" srcset=\"https:\/\/media-market.es\/wp-content\/uploads\/2026\/01\/mountain-avanti_81307n_1.png_md-300x300.png 300w, https:\/\/media-market.es\/wp-content\/uploads\/2026\/01\/mountain-avanti_81307n_1.png_md-150x150.png 150w\" sizes=\"(max-width: 300px) 100vw, 300px\" \/><\/a>\t\t\t\t\t\t\t<\/td>\r\n\r\n\t\t\t\t\t\t\t<td scope=\"row\" role=\"rowheader\" class=\"product-name\" data-title=\"Product\">\r\n\t\t\t\t\t\t\t<a href=\"https:\/\/media-market.es\/?product=bicicleta-electrica-de-montana-cecotec-mountain-avanti\">Bicicleta el\u00e9ctrica de monta\u00f1a Cecotec Mountain Avanti<\/a>\t\t\t\t\t\t\t<\/td>\r\n\r\n\t\t\t\t\t\t\t<td class=\"product-price\" data-title=\"Price\">\r\n\t\t\t\t\t\t\t\t<span class=\"woocommerce-Price-amount amount\"><bdi>989,00&nbsp;<span class=\"woocommerce-Price-currencySymbol\">&euro;<\/span><\/bdi><\/span>\t\t\t\t\t\t\t<\/td>\r\n\r\n\t\t\t\t\t\t\t<td class=\"product-quantity\" data-title=\"Quantity\">\r\n\t\t\t\t\t\t\t<div class=\"quantity\">\r\n\t\t<label class=\"screen-reader-text\" for=\"quantity_69d0bdacdd5d3\">Bicicleta el\u00e9ctrica de monta\u00f1a Cecotec Mountain Avanti quantity<\/label>\r\n\t<div class=\"quantity-button minus\"><i class=\"klb-icon-minus\"><\/i><\/div>\r\n\t<input\r\n\t\ttype=\"text\"\r\n\t\t\t\tid=\"quantity_69d0bdacdd5d3\"\r\n\t\tclass=\"input-text qty text\"\r\n\t\tname=\"cart[edb947f2bbceb132245fdde9c59d3f59][qty]\"\r\n\t\tvalue=\"1\"\r\n\t\taria-label=\"Product quantity\"\r\n\t\t\t\tmin=\"0\"\r\n\t\t\t\t\t\t\tstep=\"1\"\r\n\t\t\tplaceholder=\"\"\r\n\t\t\tinputmode=\"numeric\"\r\n\t\t\tautocomplete=\"off\"\r\n\t\t\t\/>\r\n\t<div class=\"quantity-button plus\"><i class=\"klb-icon-plus\"><\/i><\/div>\r\n\t<\/div>\r\n\t\t\t\t\t\t\t<\/td>\r\n\r\n\t\t\t\t\t\t\t<td class=\"product-subtotal\" data-title=\"Subtotal\">\r\n\t\t\t\t\t\t\t\t<span class=\"woocommerce-Price-amount amount\"><bdi>989,00&nbsp;<span class=\"woocommerce-Price-currencySymbol\">&euro;<\/span><\/bdi><\/span>\t\t\t\t\t\t\t<\/td>\r\n\t\t\t\t\t\t\t\r\n\t\t\t\t\t\t\t<td class=\"product-remove\">\r\n\t\t\t\t\t\t\t\t<a role=\"button\" href=\"https:\/\/media-market.es\/?page_id=3823&#038;remove_item=edb947f2bbceb132245fdde9c59d3f59&#038;_wpnonce=cd6a5f961c\" class=\"remove\" aria-label=\"Remove Bicicleta el\u00e9ctrica de monta\u00f1a Cecotec Mountain Avanti from cart\" data-product_id=\"5179\" data-product_sku=\"\"><i class=\"klbth-icon-cancel\"><\/i><\/a>\t\t\t\t\t\t\t<\/td>\r\n\t\t\t\t\t\t<\/tr>\r\n\t\t\t\t\t\t\r\n\t\t\t\t\r\n\t\t\t\t<tr>\r\n\t\t\t\t\t<td colspan=\"6\" class=\"actions\">\r\n\t\t\t\t\t\t<div class=\"actions-wrapper\">\r\n\t\t\t\t\t\t\t\t\t\t\t\t\t\t\t<div class=\"coupon\">\r\n\t\t\t\t\t\t\t\t\t<label for=\"coupon_code\">Coupon:<\/label> \r\n\t\t\t\t\t\t\t\t\t<input type=\"text\" name=\"coupon_code\" class=\"input-text\" id=\"coupon_code\" value=\"\" placeholder=\"Coupon code\" \/> \r\n\t\t\t\t\t\t\t\t\t<button type=\"submit\" class=\"button\" name=\"apply_coupon\" value=\"Apply coupon\">Apply coupon<\/button>\r\n\t\t\t\t\t\t\t\t\t\t\t\t\t\t\t\t\t<\/div>\r\n\t\t\t\t\t\t\t\r\n\t\t\t\t\t\t\t<button type=\"submit\" class=\"button\" name=\"update_cart\" value=\"Update cart\">Update cart<\/button>\r\n\r\n\t\t\t\t\t\t\t<button href=\"#\" class=\"button empty-cart-button remove-all\">Clear All<\/button>\r\n\t\t\t\t\t\t\t<input type=\"hidden\" id=\"woocommerce-cart-nonce\" name=\"woocommerce-cart-nonce\" value=\"cd6a5f961c\" \/><input type=\"hidden\" name=\"_wp_http_referer\" value=\"\/index.php?rest_route=%2Fwp%2Fv2%2Fpages%2F3823\" \/>\t\t\t\t\t\t<\/div>\r\n\t\t\t\t\t<\/td>\r\n\t\t\t\t<\/tr>\r\n\r\n\t\t\t\t\t\t\t<\/tbody>\r\n\t\t<\/table>\r\n\t\t\t<\/form>\r\n\r\n\t\r\n\t<div class=\"cart-collaterals\">\r\n\t\t<div class=\"cart_totals \">\n\n\t\n\t<h2>Totales del carrito<\/h2>\n\n\t<table cellspacing=\"0\" class=\"shop_table shop_table_responsive\">\n\n\t\t<tr class=\"cart-subtotal\">\n\t\t\t<th>Subtotal<\/th>\n\t\t\t<td data-title=\"Subtotal\"><span class=\"woocommerce-Price-amount amount\"><bdi>989,00&nbsp;<span class=\"woocommerce-Price-currencySymbol\">&euro;<\/span><\/bdi><\/span><\/td>\n\t\t<\/tr>\n\n\t\t\n\t\t\n\t\t\t\n\t\t\t<tr class=\"woocommerce-shipping-totals shipping\">\n\t<th>Env\u00edo<\/th>\n\t<td data-title=\"Env\u00edo\">\n\t\t\t\t\t<ul id=\"shipping_method\" class=\"woocommerce-shipping-methods\">\n\t\t\t\t\t\t\t\t\t<li>\n\t\t\t\t\t\t<input type=\"hidden\" name=\"shipping_method[0]\" data-index=\"0\" id=\"shipping_method_0_free_shipping1\" value=\"free_shipping:1\" class=\"shipping_method\" \/><label for=\"shipping_method_0_free_shipping1\">Entrega gratuita en menos de 5 d\u00edas<\/label>\t\t\t\t\t<\/li>\n\t\t\t\t\t\t\t<\/ul>\n\t\t\t\t\t\t\t<p class=\"woocommerce-shipping-destination\">\n\t\t\t\t\tEnviar a <strong>Madrid<\/strong>. \t\t\t\t<\/p>\n\t\t\t\t\t\t\n\t\t\n\t\t\t\t\t\n<form class=\"woocommerce-shipping-calculator\" action=\"https:\/\/media-market.es\/?page_id=3823\" method=\"post\">\n\n\t<a href=\"#\" class=\"shipping-calculator-button\" aria-expanded=\"false\" aria-controls=\"shipping-calculator-form\" role=\"button\">Cambiar direcci\u00f3n<\/a>\n\t<section class=\"shipping-calculator-form\" id=\"shipping-calculator-form\" style=\"display:none;\">\n\n\t\t\t\t\t<p class=\"form-row form-row-wide\" id=\"calc_shipping_country_field\">\n\t\t\t\t<label for=\"calc_shipping_country\">Pa\u00eds \/ Regi\u00f3n<\/label>\n\t\t\t\t<select name=\"calc_shipping_country\" id=\"calc_shipping_country\" class=\"country_to_state country_select\" rel=\"calc_shipping_state\">\n\t\t\t\t\t<option value=\"default\">Selecciona un pa\u00eds\/regi\u00f3n&hellip;<\/option>\n\t\t\t\t\t<option value=\"AF\">Afganist\u00e1n<\/option><option value=\"AL\">Albania<\/option><option value=\"DE\">Alemania<\/option><option value=\"AD\">Andorra<\/option><option value=\"AO\">Angola<\/option><option value=\"AI\">Anguila<\/option><option value=\"AQ\">Ant\u00e1rtida<\/option><option value=\"AG\">Antigua y Barbuda<\/option><option value=\"SA\">Arabia Saudita<\/option><option value=\"DZ\">Argelia<\/option><option value=\"AR\">Argentina<\/option><option value=\"AM\">Armenia<\/option><option value=\"AW\">Aruba<\/option><option value=\"AU\">Australia<\/option><option value=\"AT\">Austria<\/option><option value=\"AZ\">Azerbaijan<\/option><option value=\"BS\">Bahamas<\/option><option value=\"BH\">Bahrain<\/option><option value=\"BD\">Bangladesh<\/option><option value=\"BB\">Barbados<\/option><option value=\"PW\">Belau<\/option><option value=\"BE\">B\u00e9lgica<\/option><option value=\"BZ\">Belize<\/option><option value=\"BJ\">Benin<\/option><option value=\"BM\">Bermuda<\/option><option value=\"BT\">Bhutan<\/option><option value=\"BY\">Bielorrusia<\/option><option value=\"MM\">Birmania<\/option><option value=\"BO\">Bolivia<\/option><option value=\"BQ\">Bonaire, San Eustaquio y Saba<\/option><option value=\"BA\">Bosnia y Herzegovina<\/option><option value=\"BW\">Botswana<\/option><option value=\"BR\">Brasil<\/option><option value=\"BN\">Brun\u00e9i<\/option><option value=\"BG\">Bulgaria<\/option><option value=\"BF\">Burkina Faso<\/option><option value=\"BI\">Burundi<\/option><option value=\"CV\">Cabo Verde<\/option><option value=\"KH\">Camboya<\/option><option value=\"CM\">Camer\u00fan<\/option><option value=\"CA\">Canad\u00e1<\/option><option value=\"TD\">Chad<\/option><option value=\"CL\">Chile<\/option><option value=\"CN\">China<\/option><option value=\"CY\">Chipre<\/option><option value=\"VA\">Ciudad del Vaticano<\/option><option value=\"CO\">Colombia<\/option><option value=\"KM\">Comoras<\/option><option value=\"CG\">Congo (Brazzaville)<\/option><option value=\"CD\">Congo (Kinshasa)<\/option><option value=\"KP\">Corea del Norte<\/option><option value=\"KR\">Corea del Sur<\/option><option value=\"CI\">Costa de Marfil<\/option><option value=\"CR\">Costa Rica<\/option><option value=\"HR\">Croacia<\/option><option value=\"CU\">Cuba<\/option><option value=\"CW\">Cura&ccedil;ao<\/option><option value=\"DK\">Dinamarca<\/option><option value=\"DJ\">Djibouti<\/option><option value=\"DM\">Dominica<\/option><option value=\"EC\">Ecuador<\/option><option value=\"EG\">Egipto<\/option><option value=\"SV\">El Salvador<\/option><option value=\"AE\">Emiratos \u00c1rabes Unidos<\/option><option value=\"ER\">Eritrea<\/option><option value=\"SK\">Eslovaquia<\/option><option value=\"SI\">Eslovenia<\/option><option value=\"ES\" selected='selected'>Espa\u00f1a<\/option><option value=\"US\">Estados Unidos (EEUU)<\/option><option value=\"EE\">Estonia<\/option><option value=\"SZ\">Esuatini<\/option><option value=\"ET\">Etiop\u00eda<\/option><option value=\"PH\">Filipinas<\/option><option value=\"FI\">Finlandia<\/option><option value=\"FJ\">Fiyi<\/option><option value=\"FR\">Francia<\/option><option value=\"GA\">Gab\u00f3n<\/option><option value=\"GM\">Gambia<\/option><option value=\"GE\">Georgia<\/option><option value=\"GH\">Ghana<\/option><option value=\"GI\">Gibraltar<\/option><option value=\"GD\">Granada<\/option><option value=\"GR\">Grecia<\/option><option value=\"GL\">Groenlandia<\/option><option value=\"GP\">Guadalupe<\/option><option value=\"GU\">Guam<\/option><option value=\"GT\">Guatemala<\/option><option value=\"GF\">Guayana Francesa<\/option><option value=\"GG\">Guernsey<\/option><option value=\"GN\">Guinea<\/option><option value=\"GQ\">Guinea Ecuatorial<\/option><option value=\"GW\">Guinea-Bis\u00e1u<\/option><option value=\"GY\">Guyana<\/option><option value=\"HT\">Hait\u00ed<\/option><option value=\"HN\">Honduras<\/option><option value=\"HK\">Hong Kong<\/option><option value=\"HU\">Hungr\u00eda<\/option><option value=\"IN\">India<\/option><option value=\"ID\">Indonesia<\/option><option value=\"IQ\">Irak<\/option><option value=\"IR\">Ir\u00e1n<\/option><option value=\"IE\">Irlanda<\/option><option value=\"BV\">Isla Bouvet<\/option><option value=\"IM\">Isla de Man<\/option><option value=\"CX\">Isla de Navidad<\/option><option value=\"NF\">Isla Norfolk<\/option><option value=\"SH\">Isla Santa Elena<\/option><option value=\"IS\">Islandia<\/option><option value=\"AX\">Islas \u00c5land<\/option><option value=\"KY\">Islas Caim\u00e1n<\/option><option value=\"CC\">Islas Cocos<\/option><option value=\"CK\">Islas Cook<\/option><option value=\"UM\">Islas de ultramar menores de Estados Unidos (EEUU)<\/option><option value=\"FO\">Islas Feroe<\/option><option value=\"GS\">Islas Georgias y Sandwich del Sur<\/option><option value=\"HM\">Islas Heard y McDonald<\/option><option value=\"FK\">Islas Malvinas<\/option><option value=\"MP\">Islas Marianas del Norte<\/option><option value=\"MH\">Islas Marshall<\/option><option value=\"SB\">Islas Salom\u00f3n<\/option><option value=\"TC\">Islas Turcas y Caicos<\/option><option value=\"VG\">Islas V\u00edrgenes (Brit\u00e1nicas)<\/option><option value=\"VI\">Islas V\u00edrgenes (EEUU)<\/option><option value=\"IL\">Israel<\/option><option value=\"IT\">Italia<\/option><option value=\"JM\">Jamaica<\/option><option value=\"JP\">Jap\u00f3n<\/option><option value=\"JE\">Jersey<\/option><option value=\"JO\">Jordania<\/option><option value=\"KZ\">Kazajist\u00e1n<\/option><option value=\"KE\">Kenia<\/option><option value=\"KG\">Kirguist\u00e1n<\/option><option value=\"KI\">Kiribati<\/option><option value=\"XK\">Kosovo<\/option><option value=\"KW\">Kuwait<\/option><option value=\"LA\">Laos<\/option><option value=\"LS\">Lesoto<\/option><option value=\"LV\">Letonia<\/option><option value=\"LB\">L\u00edbano<\/option><option value=\"LR\">Liberia<\/option><option value=\"LY\">Libia<\/option><option value=\"LI\">Liechtenstein<\/option><option value=\"LT\">Lituania<\/option><option value=\"LU\">Luxemburgo<\/option><option value=\"MO\">Macao<\/option><option value=\"MK\">Macedonia del Norte<\/option><option value=\"MG\">Madagascar<\/option><option value=\"MY\">Malasia<\/option><option value=\"MW\">Malaui<\/option><option value=\"MV\">Maldivas<\/option><option value=\"ML\">Mal\u00ed<\/option><option value=\"MT\">Malta<\/option><option value=\"MA\">Marruecos<\/option><option value=\"MQ\">Martinica<\/option><option value=\"MU\">Mauricio<\/option><option value=\"MR\">Mauritania<\/option><option value=\"YT\">Mayotte<\/option><option value=\"MX\">M\u00e9xico<\/option><option value=\"FM\">Micronesia<\/option><option value=\"MD\">Moldavia<\/option><option value=\"MC\">M\u00f3naco<\/option><option value=\"MN\">Mongolia<\/option><option value=\"ME\">Montenegro<\/option><option value=\"MS\">Montserrat<\/option><option value=\"MZ\">Mozambique<\/option><option value=\"NA\">Namibia<\/option><option value=\"NR\">Nauru<\/option><option value=\"NP\">Nepal<\/option><option value=\"NI\">Nicaragua<\/option><option value=\"NE\">N\u00edger<\/option><option value=\"NG\">Nigeria<\/option><option value=\"NU\">Niue<\/option><option value=\"NO\">Noruega<\/option><option value=\"NC\">Nueva Caledonia<\/option><option value=\"NZ\">Nueva Zelanda<\/option><option value=\"OM\">Om\u00e1n<\/option><option value=\"NL\">Pa\u00edses Bajos<\/option><option value=\"PK\">Pakist\u00e1n<\/option><option value=\"PA\">Panam\u00e1<\/option><option value=\"PG\">Pap\u00faa Nueva Guinea<\/option><option value=\"PY\">Paraguay<\/option><option value=\"PE\">Per\u00fa<\/option><option value=\"PN\">Pitcairn<\/option><option value=\"PF\">Polinesia Francesa<\/option><option value=\"PL\">Polonia<\/option><option value=\"PT\">Portugal<\/option><option value=\"PR\">Puerto Rico<\/option><option value=\"QA\">Qatar<\/option><option value=\"GB\">Reino Unido (UK)<\/option><option value=\"CF\">Rep\u00fablica Centroafricana<\/option><option value=\"CZ\">Rep\u00fablica Checa<\/option><option value=\"DO\">Rep\u00fablica Dominicana<\/option><option value=\"RE\">Reuni\u00f3n<\/option><option value=\"RW\">Ruanda<\/option><option value=\"RO\">Rumania<\/option><option value=\"RU\">Rusia<\/option><option value=\"EH\">Sahara Occidental<\/option><option value=\"WS\">Samoa<\/option><option value=\"AS\">Samoa Americana<\/option><option value=\"BL\">San Bartolom\u00e9<\/option><option value=\"KN\">San Crist\u00f3bal y Nieves<\/option><option value=\"SM\">San Marino<\/option><option value=\"SX\">San Mart\u00edn (Pa\u00edses Bajos)<\/option><option value=\"MF\">San Mart\u00edn (parte de Francia)<\/option><option value=\"PM\">San Pedro y Miquel\u00f3n<\/option><option value=\"VC\">San Vicente y las Granadinas<\/option><option value=\"LC\">Santa Luc\u00eda<\/option><option value=\"ST\">Santo Tom\u00e9 y Pr\u00edncipe<\/option><option value=\"SN\">Senegal<\/option><option value=\"RS\">Serbia<\/option><option value=\"SC\">Seychelles<\/option><option value=\"SL\">Sierra Leona<\/option><option value=\"SG\">Singapur<\/option><option value=\"SY\">Siria<\/option><option value=\"SO\">Somalia<\/option><option value=\"LK\">Sri Lanka<\/option><option value=\"ZA\">Sud\u00e1frica<\/option><option value=\"SD\">Sud\u00e1n<\/option><option value=\"SS\">Sud\u00e1n del Sur<\/option><option value=\"SE\">Suecia<\/option><option value=\"CH\">Suiza<\/option><option value=\"SR\">Surinam<\/option><option value=\"SJ\">Svalbard y Jan Mayen<\/option><option value=\"TH\">Tailandia<\/option><option value=\"TW\">Taiw\u00e1n<\/option><option value=\"TZ\">Tanzania<\/option><option value=\"TJ\">Tayikist\u00e1n<\/option><option value=\"IO\">Territorio Brit\u00e1nico del Oc\u00e9ano \u00cdndico<\/option><option value=\"TF\">Territorios australes franceses<\/option><option value=\"PS\">Territorios Palestinos<\/option><option value=\"TL\">Timor Oriental<\/option><option value=\"TG\">Togo<\/option><option value=\"TK\">Tokelau<\/option><option value=\"TO\">Tonga<\/option><option value=\"TT\">Trinidad y Tobago<\/option><option value=\"TN\">T\u00fanez<\/option><option value=\"TM\">Turkmenist\u00e1n<\/option><option value=\"TR\">Turqu\u00eda<\/option><option value=\"TV\">Tuvalu<\/option><option value=\"UA\">Ucrania<\/option><option value=\"UG\">Uganda<\/option><option value=\"UY\">Uruguay<\/option><option value=\"UZ\">Uzbekist\u00e1n<\/option><option value=\"VU\">Vanuatu<\/option><option value=\"VE\">Venezuela<\/option><option value=\"VN\">Vietnam<\/option><option value=\"WF\">Wallis y Futuna<\/option><option value=\"YE\">Yemen<\/option><option value=\"ZM\">Zambia<\/option><option value=\"ZW\">Zimbabue<\/option>\t\t\t\t<\/select>\n\t\t\t<\/p>\n\t\t\n\t\t\t\t\t<p class=\"form-row form-row-wide\" id=\"calc_shipping_state_field\">\n\t\t\t\t\t\t\t\t\t<span>\n\t\t\t\t\t\t<label for=\"calc_shipping_state\">Regi\u00f3n \/ Provincia<\/label>\n\t\t\t\t\t\t<select name=\"calc_shipping_state\" class=\"state_select\" id=\"calc_shipping_state\">\n\t\t\t\t\t\t\t<option value=\"\">Elige una opci\u00f3n&hellip;<\/option>\n\t\t\t\t\t\t\t<option value=\"C\" >La Coru\u00f1a<\/option><option value=\"VI\" >\u00c1lava<\/option><option value=\"AB\" >Albacete<\/option><option value=\"A\" >Alicante<\/option><option value=\"AL\" >Almer\u00eda<\/option><option value=\"O\" >Asturias<\/option><option value=\"AV\" >\u00c1vila<\/option><option value=\"BA\" >Badajoz<\/option><option value=\"PM\" >Baleares<\/option><option value=\"B\" >Barcelona<\/option><option value=\"BU\" >Burgos<\/option><option value=\"CC\" >C\u00e1ceres<\/option><option value=\"CA\" >C\u00e1diz<\/option><option value=\"S\" >Cantabria<\/option><option value=\"CS\" >Castell\u00f3n<\/option><option value=\"CE\" >Ceuta<\/option><option value=\"CR\" >Ciudad Real<\/option><option value=\"CO\" >C\u00f3rdoba<\/option><option value=\"CU\" >Cuenca<\/option><option value=\"GI\" >Gerona<\/option><option value=\"GR\" >Granada<\/option><option value=\"GU\" >Guadalajara<\/option><option value=\"SS\" >Guip\u00fazcoa<\/option><option value=\"H\" >Huelva<\/option><option value=\"HU\" >Huesca<\/option><option value=\"J\" >Ja\u00e9n<\/option><option value=\"LO\" >La Rioja<\/option><option value=\"GC\" >Las Palmas<\/option><option value=\"LE\" >Le\u00f3n<\/option><option value=\"L\" >L\u00e9rida<\/option><option value=\"LU\" >Lugo<\/option><option value=\"M\"  selected='selected'>Madrid<\/option><option value=\"MA\" >M\u00e1laga<\/option><option value=\"ML\" >Melilla<\/option><option value=\"MU\" >Murcia<\/option><option value=\"NA\" >Navarra<\/option><option value=\"OR\" >Orense<\/option><option value=\"P\" >Palencia<\/option><option value=\"PO\" >Pontevedra<\/option><option value=\"SA\" >Salamanca<\/option><option value=\"TF\" >Santa Cruz de Tenerife<\/option><option value=\"SG\" >Segovia<\/option><option value=\"SE\" >Sevilla<\/option><option value=\"SO\" >Soria<\/option><option value=\"T\" >Tarragona<\/option><option value=\"TE\" >Teruel<\/option><option value=\"TO\" >Toledo<\/option><option value=\"V\" >Valencia<\/option><option value=\"VA\" >Valladolid<\/option><option value=\"BI\" >Vizcaya<\/option><option value=\"ZA\" >Zamora<\/option><option value=\"Z\" >Zaragoza<\/option>\t\t\t\t\t\t<\/select>\n\t\t\t\t\t<\/span>\n\t\t\t\t\t\t\t\t<\/p>\n\t\t\n\t\t\t\t\t<p class=\"form-row form-row-wide\" id=\"calc_shipping_city_field\">\n\t\t\t\t<label for=\"calc_shipping_city\">Ciudad:<\/label>\n\t\t\t\t<input type=\"text\" class=\"input-text\" value=\"\" name=\"calc_shipping_city\" id=\"calc_shipping_city\" \/>\n\t\t\t<\/p>\n\t\t\n\t\t\t\t\t<p class=\"form-row form-row-wide\" id=\"calc_shipping_postcode_field\">\n\t\t\t\t<label for=\"calc_shipping_postcode\">C\u00f3digo postal:<\/label>\n\t\t\t\t<input type=\"text\" class=\"input-text\" value=\"\" name=\"calc_shipping_postcode\" id=\"calc_shipping_postcode\" \/>\n\t\t\t<\/p>\n\t\t\n\t\t<p><button type=\"submit\" name=\"calc_shipping\" value=\"1\" class=\"button\">Actualizar<\/button><\/p>\n\t\t<input type=\"hidden\" id=\"woocommerce-shipping-calculator-nonce\" name=\"woocommerce-shipping-calculator-nonce\" value=\"253142b067\" \/><input type=\"hidden\" name=\"_wp_http_referer\" value=\"\/index.php?rest_route=%2Fwp%2Fv2%2Fpages%2F3823\" \/>\t<\/section>\n<\/form>\n\n\t\t\t<\/td>\n<\/tr>\n\n\t\t\t\n\t\t\n\t\t\n\t\t\n\t\t\n\t\t<tr class=\"order-total\">\n\t\t\t<th>Total<\/th>\n\t\t\t<td data-title=\"Total\"><strong><span class=\"woocommerce-Price-amount amount\"><bdi>989,00&nbsp;<span class=\"woocommerce-Price-currencySymbol\">&euro;<\/span><\/bdi><\/span><\/strong> <\/td>\n\t\t<\/tr>\n\n\t\t\n\t<\/table>\n\n\t<div class=\"wc-proceed-to-checkout\">\n\t\t\n<a href=\"https:\/\/media-market.es\/?page_id=3824\" class=\"checkout-button button alt wc-forward\">\n\tFinalizar compra<\/a>\n\t<\/div>\n\n\t\n<\/div>\n\t<\/div>\r\n\r\n<\/div>\r\n\r\n<script>\r\n\t\r\n\tvar timeout;\r\n\t\r\n    jQuery(document).ready(function($) {\r\n\r\n\t\tvar timeout;\r\n\r\n\t\t$('.woocommerce').on('change', 'input.qty', function(){\r\n\r\n\t\t\tif ( timeout !== undefined ) {\r\n\t\t\t\tclearTimeout( timeout );\r\n\t\t\t}\r\n\r\n\t\t\ttimeout = setTimeout(function() {\r\n\t\t\t\t$(\"[name='update_cart']\").trigger(\"click\");\r\n\t\t\t}, 1000 ); \/\/ 1 second delay, half a second (500) seems comfortable too\r\n\r\n\t\t});\r\n\r\n    });\r\n    <\/script><\/div>\n","protected":false},"excerpt":{"rendered":"","protected":false},"author":1,"featured_media":0,"parent":0,"menu_order":0,"comment_status":"closed","ping_status":"closed","template":"","meta":{"footnotes":""},"class_list":["post-3823","page","type-page","status-publish","hentry"],"_links":{"self":[{"href":"https:\/\/media-market.es\/index.php?rest_route=\/wp\/v2\/pages\/3823","targetHints":{"allow":["GET"]}}],"collection":[{"href":"https:\/\/media-market.es\/index.php?rest_route=\/wp\/v2\/pages"}],"about":[{"href":"https:\/\/media-market.es\/index.php?rest_route=\/wp\/v2\/types\/page"}],"author":[{"embeddable":true,"href":"https:\/\/media-market.es\/index.php?rest_route=\/wp\/v2\/users\/1"}],"replies":[{"embeddable":true,"href":"https:\/\/media-market.es\/index.php?rest_route=%2Fwp%2Fv2%2Fcomments&post=3823"}],"version-history":[{"count":1,"href":"https:\/\/media-market.es\/index.php?rest_route=\/wp\/v2\/pages\/3823\/revisions"}],"predecessor-version":[{"id":5345,"href":"https:\/\/media-market.es\/index.php?rest_route=\/wp\/v2\/pages\/3823\/revisions\/5345"}],"wp:attachment":[{"href":"https:\/\/media-market.es\/index.php?rest_route=%2Fwp%2Fv2%2Fmedia&parent=3823"}],"curies":[{"name":"wp","href":"https:\/\/api.w.org\/{rel}","templated":true}]}}